{"id":13721,"date":"2025-11-07T15:11:35","date_gmt":"2025-11-07T14:11:35","guid":{"rendered":"https:\/\/www.ernstbrunn-apotheke.at\/katalog\/produkt\/kreatin-250mg-kapseln\/"},"modified":"2025-12-08T13:36:14","modified_gmt":"2025-12-08T12:36:14","slug":"kreatin-250mg-kapseln","status":"publish","type":"product","link":"https:\/\/www.ernstbrunn-apotheke.at\/katalog\/produkt\/kreatin-250mg-kapseln\/","title":{"rendered":"Kreatin 250mg Kapseln"},"content":{"rendered":"<p>Gall Pharma Kreatin 250 mg Kapseln enthalten Kreatin-Monohydrat in einer Hartgelatinekapsel. Der K\u00f6rper verbraucht am Tag durchschnittlich etwa 2 g Kreatin. Diese Menge wird zur H\u00e4lfte \u00fcber die k\u00f6rpereigene Produktion mit Hilfe der Aminos\u00e4uren L-Arginin, Glycin und L-Methionin, zur anderen H\u00e4lfte \u00fcber die Nahrungsaufnahme wieder ersetzt.<\/p>\n","protected":false},"excerpt":{"rendered":"<p>Gall Pharma Kreatin 250 mg Kapseln enthalten Kreatin-Monohydrat in einer Hartgelatinekapsel. Der K\u00f6rper verbraucht am Tag durchschnittlich etwa 2 g Kreatin. Diese Menge wird zur H\u00e4lfte \u00fcber die k\u00f6rpereigene Produktion mit Hilfe der Aminos\u00e4uren L-Arginin, Glycin und L-Methionin, zur anderen H\u00e4lfte \u00fcber die Nahrungsaufnahme wieder ersetzt.<\/p>\n","protected":false},"featured_media":13723,"template":"","meta":{"_acf_changed":false},"product_brand":[371],"product_cat":[807],"product_tag":[],"class_list":{"0":"post-13721","1":"product","2":"type-product","3":"status-publish","4":"has-post-thumbnail","6":"product_brand-gall-pharma","7":"product_cat-k","8":"pa_packungsgroesse-60-stueck","10":"first","11":"instock","12":"shipping-taxable","13":"purchasable","14":"product-type-simple"},"acf":[],"_links":{"self":[{"href":"https:\/\/www.ernstbrunn-apotheke.at\/katalog\/wp-json\/wp\/v2\/product\/13721","targetHints":{"allow":["GET"]}}],"collection":[{"href":"https:\/\/www.ernstbrunn-apotheke.at\/katalog\/wp-json\/wp\/v2\/product"}],"about":[{"href":"https:\/\/www.ernstbrunn-apotheke.at\/katalog\/wp-json\/wp\/v2\/types\/product"}],"wp:featuredmedia":[{"embeddable":true,"href":"https:\/\/www.ernstbrunn-apotheke.at\/katalog\/wp-json\/wp\/v2\/media\/13723"}],"wp:attachment":[{"href":"https:\/\/www.ernstbrunn-apotheke.at\/katalog\/wp-json\/wp\/v2\/media?parent=13721"}],"wp:term":[{"taxonomy":"product_brand","embeddable":true,"href":"https:\/\/www.ernstbrunn-apotheke.at\/katalog\/wp-json\/wp\/v2\/product_brand?post=13721"},{"taxonomy":"product_cat","embeddable":true,"href":"https:\/\/www.ernstbrunn-apotheke.at\/katalog\/wp-json\/wp\/v2\/product_cat?post=13721"},{"taxonomy":"product_tag","embeddable":true,"href":"https:\/\/www.ernstbrunn-apotheke.at\/katalog\/wp-json\/wp\/v2\/product_tag?post=13721"}],"curies":[{"name":"wp","href":"https:\/\/api.w.org\/{rel}","templated":true}]}}