{"id":137204,"date":"2025-11-14T17:40:46","date_gmt":"2025-11-14T16:40:46","guid":{"rendered":"https:\/\/www.ernstbrunn-apotheke.at\/katalog\/produkt\/vollkraft-dinkel-reis-500-g\/"},"modified":"2025-12-09T10:31:09","modified_gmt":"2025-12-09T09:31:09","slug":"vollkraft-dinkel-reis-500-g","status":"publish","type":"product","link":"https:\/\/www.ernstbrunn-apotheke.at\/katalog\/produkt\/vollkraft-dinkel-reis-500-g\/","title":{"rendered":"Vollkraft Dinkel Reis 500 g"},"content":{"rendered":"<p>Vollkraft Dinkel Reis kbA ist gesch\u00e4lter bzw. polierter Dinkel, den man wie Reis verkochen kann. Schmeckt sehr gut in Salaten. Hohe Qualit\u00e4ten ergeben leider oft niedrigere Ertr\u00e4ge, aber das reine, richtige Saatgut ist die wichtigste Voraussetzung f\u00fcr wertvolles biol- biologisches Getreide.<\/p>\n","protected":false},"excerpt":{"rendered":"<p>Vollkraft Dinkel Reis kbA ist gesch\u00e4lter bzw. polierter Dinkel, den man wie Reis verkochen kann. Schmeckt sehr gut in Salaten. Hohe Qualit\u00e4ten ergeben leider oft niedrigere Ertr\u00e4ge, aber das reine, richtige Saatgut ist die wichtigste Voraussetzung f\u00fcr wertvolles biol- biologisches Getreide.<\/p>\n","protected":false},"featured_media":137206,"template":"","meta":{"_acf_changed":false},"product_brand":[869],"product_cat":[799],"product_tag":[],"class_list":{"0":"post-137204","1":"product","2":"type-product","3":"status-publish","4":"has-post-thumbnail","6":"product_brand-vollkraft","7":"product_cat-v","8":"pa_packungsgroesse-500g","10":"first","11":"instock","12":"shipping-taxable","13":"purchasable","14":"product-type-simple"},"acf":[],"_links":{"self":[{"href":"https:\/\/www.ernstbrunn-apotheke.at\/katalog\/wp-json\/wp\/v2\/product\/137204","targetHints":{"allow":["GET"]}}],"collection":[{"href":"https:\/\/www.ernstbrunn-apotheke.at\/katalog\/wp-json\/wp\/v2\/product"}],"about":[{"href":"https:\/\/www.ernstbrunn-apotheke.at\/katalog\/wp-json\/wp\/v2\/types\/product"}],"wp:featuredmedia":[{"embeddable":true,"href":"https:\/\/www.ernstbrunn-apotheke.at\/katalog\/wp-json\/wp\/v2\/media\/137206"}],"wp:attachment":[{"href":"https:\/\/www.ernstbrunn-apotheke.at\/katalog\/wp-json\/wp\/v2\/media?parent=137204"}],"wp:term":[{"taxonomy":"product_brand","embeddable":true,"href":"https:\/\/www.ernstbrunn-apotheke.at\/katalog\/wp-json\/wp\/v2\/product_brand?post=137204"},{"taxonomy":"product_cat","embeddable":true,"href":"https:\/\/www.ernstbrunn-apotheke.at\/katalog\/wp-json\/wp\/v2\/product_cat?post=137204"},{"taxonomy":"product_tag","embeddable":true,"href":"https:\/\/www.ernstbrunn-apotheke.at\/katalog\/wp-json\/wp\/v2\/product_tag?post=137204"}],"curies":[{"name":"wp","href":"https:\/\/api.w.org\/{rel}","templated":true}]}}