{"id":137174,"date":"2025-11-14T17:39:58","date_gmt":"2025-11-14T16:39:58","guid":{"rendered":"https:\/\/www.ernstbrunn-apotheke.at\/katalog\/produkt\/vollkraft-amaranth-330-g\/"},"modified":"2025-12-09T10:31:07","modified_gmt":"2025-12-09T09:31:07","slug":"vollkraft-amaranth-330-g","status":"publish","type":"product","link":"https:\/\/www.ernstbrunn-apotheke.at\/katalog\/produkt\/vollkraft-amaranth-330-g\/","title":{"rendered":"Vollkraft Amaranth 330 g"},"content":{"rendered":"<p>Vollkraft Amaranth kbA 3: Ca. 30 Min. kochen danach 10min quellen lassen. Vor W\u00e4rme gesch\u00fctzt und trocken lagern. Als Zutat enthalten: keine Allergien ausl\u00f6sende Zutaten enthalten.<\/p>\n","protected":false},"excerpt":{"rendered":"<p>Vollkraft Amaranth kbA 3: Ca. 30 Min. kochen danach 10min quellen lassen. Vor W\u00e4rme gesch\u00fctzt und trocken lagern. Als Zutat enthalten: keine Allergien ausl\u00f6sende Zutaten enthalten.<\/p>\n","protected":false},"featured_media":137176,"template":"","meta":{"_acf_changed":false},"product_brand":[869],"product_cat":[799],"product_tag":[],"class_list":{"0":"post-137174","1":"product","2":"type-product","3":"status-publish","4":"has-post-thumbnail","6":"product_brand-vollkraft","7":"product_cat-v","8":"pa_packungsgroesse-330g","10":"first","11":"instock","12":"shipping-taxable","13":"purchasable","14":"product-type-simple"},"acf":[],"_links":{"self":[{"href":"https:\/\/www.ernstbrunn-apotheke.at\/katalog\/wp-json\/wp\/v2\/product\/137174","targetHints":{"allow":["GET"]}}],"collection":[{"href":"https:\/\/www.ernstbrunn-apotheke.at\/katalog\/wp-json\/wp\/v2\/product"}],"about":[{"href":"https:\/\/www.ernstbrunn-apotheke.at\/katalog\/wp-json\/wp\/v2\/types\/product"}],"wp:featuredmedia":[{"embeddable":true,"href":"https:\/\/www.ernstbrunn-apotheke.at\/katalog\/wp-json\/wp\/v2\/media\/137176"}],"wp:attachment":[{"href":"https:\/\/www.ernstbrunn-apotheke.at\/katalog\/wp-json\/wp\/v2\/media?parent=137174"}],"wp:term":[{"taxonomy":"product_brand","embeddable":true,"href":"https:\/\/www.ernstbrunn-apotheke.at\/katalog\/wp-json\/wp\/v2\/product_brand?post=137174"},{"taxonomy":"product_cat","embeddable":true,"href":"https:\/\/www.ernstbrunn-apotheke.at\/katalog\/wp-json\/wp\/v2\/product_cat?post=137174"},{"taxonomy":"product_tag","embeddable":true,"href":"https:\/\/www.ernstbrunn-apotheke.at\/katalog\/wp-json\/wp\/v2\/product_tag?post=137174"}],"curies":[{"name":"wp","href":"https:\/\/api.w.org\/{rel}","templated":true}]}}