{"id":137172,"date":"2025-11-14T17:39:58","date_gmt":"2025-11-14T16:39:58","guid":{"rendered":"https:\/\/www.ernstbrunn-apotheke.at\/katalog\/produkt\/vollkraft-alsan-s-frischmargarine-250-g\/"},"modified":"2025-12-09T10:31:07","modified_gmt":"2025-12-09T09:31:07","slug":"vollkraft-alsan-s-frischmargarine-250-g","status":"publish","type":"product","link":"https:\/\/www.ernstbrunn-apotheke.at\/katalog\/produkt\/vollkraft-alsan-s-frischmargarine-250-g\/","title":{"rendered":"Vollkraft Alsan-S Frischmargarine 250 g"},"content":{"rendered":"<p>Vollkraft Alsan-S Frischmargarine ist auch f\u00fcr Z\u00f6liakiekranke geeignet, keine KH, kein Eiwei\u00df, frei von Cholesterin, Milcheiweiss und Lactose. Aus ungeh\u00e4rteten Planzenfetten.<\/p>\n","protected":false},"excerpt":{"rendered":"<p>Vollkraft Alsan-S Frischmargarine ist auch f\u00fcr Z\u00f6liakiekranke geeignet, keine KH, kein Eiwei\u00df, frei von Cholesterin, Milcheiweiss und Lactose. Aus ungeh\u00e4rteten Planzenfetten.<\/p>\n","protected":false},"featured_media":0,"template":"","meta":{"_acf_changed":false},"product_brand":[869],"product_cat":[799],"product_tag":[],"class_list":{"0":"post-137172","1":"product","2":"type-product","3":"status-publish","5":"product_brand-vollkraft","6":"product_cat-v","7":"pa_packungsgroesse-250g","9":"first","10":"instock","11":"shipping-taxable","12":"purchasable","13":"product-type-simple"},"acf":[],"_links":{"self":[{"href":"https:\/\/www.ernstbrunn-apotheke.at\/katalog\/wp-json\/wp\/v2\/product\/137172","targetHints":{"allow":["GET"]}}],"collection":[{"href":"https:\/\/www.ernstbrunn-apotheke.at\/katalog\/wp-json\/wp\/v2\/product"}],"about":[{"href":"https:\/\/www.ernstbrunn-apotheke.at\/katalog\/wp-json\/wp\/v2\/types\/product"}],"wp:attachment":[{"href":"https:\/\/www.ernstbrunn-apotheke.at\/katalog\/wp-json\/wp\/v2\/media?parent=137172"}],"wp:term":[{"taxonomy":"product_brand","embeddable":true,"href":"https:\/\/www.ernstbrunn-apotheke.at\/katalog\/wp-json\/wp\/v2\/product_brand?post=137172"},{"taxonomy":"product_cat","embeddable":true,"href":"https:\/\/www.ernstbrunn-apotheke.at\/katalog\/wp-json\/wp\/v2\/product_cat?post=137172"},{"taxonomy":"product_tag","embeddable":true,"href":"https:\/\/www.ernstbrunn-apotheke.at\/katalog\/wp-json\/wp\/v2\/product_tag?post=137172"}],"curies":[{"name":"wp","href":"https:\/\/api.w.org\/{rel}","templated":true}]}}