{"id":13671,"date":"2025-11-07T15:10:49","date_gmt":"2025-11-07T14:10:49","guid":{"rendered":"https:\/\/www.ernstbrunn-apotheke.at\/katalog\/produkt\/the-nutri-store-l-carnosin-kapseln-500-mg-60-stk\/"},"modified":"2025-12-08T13:36:08","modified_gmt":"2025-12-08T12:36:08","slug":"the-nutri-store-l-carnosin-kapseln-500-mg-60-stk","status":"publish","type":"product","link":"https:\/\/www.ernstbrunn-apotheke.at\/katalog\/produkt\/the-nutri-store-l-carnosin-kapseln-500-mg-60-stk\/","title":{"rendered":"The Nutri Store L-Carnosin Kapseln 500 mg 60 Stk."},"content":{"rendered":"<p>The Nutri Store L-Carnosin Kapseln 500 mg enthalten 500 mg hochwertiges, nat\u00fcrliches L-Carnosin zur t\u00e4glichen Nahrungserg\u00e4nzung \u2013 sinnvoll insbesondere bei fleischreduzierter Kost, f\u00fcr Vegetarier und Veganer.<\/p>\n","protected":false},"excerpt":{"rendered":"<p>The Nutri Store L-Carnosin Kapseln 500 mg enthalten 500 mg hochwertiges, nat\u00fcrliches L-Carnosin zur t\u00e4glichen Nahrungserg\u00e4nzung \u2013 sinnvoll insbesondere bei fleischreduzierter Kost, f\u00fcr Vegetarier und Veganer.<\/p>\n","protected":false},"featured_media":13673,"template":"","meta":{"_acf_changed":false},"product_brand":[],"product_cat":[798],"product_tag":[],"class_list":{"0":"post-13671","1":"product","2":"type-product","3":"status-publish","4":"has-post-thumbnail","6":"product_cat-t","7":"pa_packungsgroesse-60-stueck","9":"first","10":"instock","11":"shipping-taxable","12":"purchasable","13":"product-type-simple"},"acf":[],"_links":{"self":[{"href":"https:\/\/www.ernstbrunn-apotheke.at\/katalog\/wp-json\/wp\/v2\/product\/13671","targetHints":{"allow":["GET"]}}],"collection":[{"href":"https:\/\/www.ernstbrunn-apotheke.at\/katalog\/wp-json\/wp\/v2\/product"}],"about":[{"href":"https:\/\/www.ernstbrunn-apotheke.at\/katalog\/wp-json\/wp\/v2\/types\/product"}],"wp:featuredmedia":[{"embeddable":true,"href":"https:\/\/www.ernstbrunn-apotheke.at\/katalog\/wp-json\/wp\/v2\/media\/13673"}],"wp:attachment":[{"href":"https:\/\/www.ernstbrunn-apotheke.at\/katalog\/wp-json\/wp\/v2\/media?parent=13671"}],"wp:term":[{"taxonomy":"product_brand","embeddable":true,"href":"https:\/\/www.ernstbrunn-apotheke.at\/katalog\/wp-json\/wp\/v2\/product_brand?post=13671"},{"taxonomy":"product_cat","embeddable":true,"href":"https:\/\/www.ernstbrunn-apotheke.at\/katalog\/wp-json\/wp\/v2\/product_cat?post=13671"},{"taxonomy":"product_tag","embeddable":true,"href":"https:\/\/www.ernstbrunn-apotheke.at\/katalog\/wp-json\/wp\/v2\/product_tag?post=13671"}],"curies":[{"name":"wp","href":"https:\/\/api.w.org\/{rel}","templated":true}]}}