{"id":136625,"date":"2025-11-14T17:29:55","date_gmt":"2025-11-14T16:29:55","guid":{"rendered":"https:\/\/www.ernstbrunn-apotheke.at\/katalog\/produkt\/vitamin-b2-kapseln-junek-36mg-180-stk\/"},"modified":"2025-12-09T10:28:36","modified_gmt":"2025-12-09T09:28:36","slug":"vitamin-b2-kapseln-junek-36mg-180-stk","status":"publish","type":"product","link":"https:\/\/www.ernstbrunn-apotheke.at\/katalog\/produkt\/vitamin-b2-kapseln-junek-36mg-180-stk\/","title":{"rendered":"Vitamin B2 Kapseln Junek 3,6mg 180 Stk."},"content":{"rendered":"<p>Vitamin B2 Kapseln enthalten 3,6 mg Vitamin B2 (Riboflavin) in einer Hartgelatinekapsel. Vitamin B2 ist unter anderem f\u00fcr die Steuerung der Atmung verantwortlich. Gleichzeitig \u00fcbernimmt es Funktionen im Energiestoffwechsel. Auch Vegetarier und Menschen, die besondere Di\u00e4ten einhalten m\u00fcssen oder keine Milchprodukte zu sich nehmen, sollten auf eine ausreichende Zufuhr von Vitamin B2 achten.<\/p>\n","protected":false},"excerpt":{"rendered":"<p>Vitamin B2 Kapseln enthalten 3,6 mg Vitamin B2 (Riboflavin) in einer Hartgelatinekapsel. Vitamin B2 ist unter anderem f\u00fcr die Steuerung der Atmung verantwortlich. Gleichzeitig \u00fcbernimmt es Funktionen im Energiestoffwechsel. Auch Vegetarier und Menschen, die besondere Di\u00e4ten einhalten m\u00fcssen oder keine Milchprodukte zu sich nehmen, sollten auf eine ausreichende Zufuhr von Vitamin B2 achten.<\/p>\n","protected":false},"featured_media":0,"template":"","meta":{"_acf_changed":false},"product_brand":[],"product_cat":[799],"product_tag":[],"class_list":{"0":"post-136625","1":"product","2":"type-product","3":"status-publish","5":"product_cat-v","6":"pa_packungsgroesse-180-stueck","8":"first","9":"instock","10":"shipping-taxable","11":"purchasable","12":"product-type-simple"},"acf":[],"_links":{"self":[{"href":"https:\/\/www.ernstbrunn-apotheke.at\/katalog\/wp-json\/wp\/v2\/product\/136625","targetHints":{"allow":["GET"]}}],"collection":[{"href":"https:\/\/www.ernstbrunn-apotheke.at\/katalog\/wp-json\/wp\/v2\/product"}],"about":[{"href":"https:\/\/www.ernstbrunn-apotheke.at\/katalog\/wp-json\/wp\/v2\/types\/product"}],"wp:attachment":[{"href":"https:\/\/www.ernstbrunn-apotheke.at\/katalog\/wp-json\/wp\/v2\/media?parent=136625"}],"wp:term":[{"taxonomy":"product_brand","embeddable":true,"href":"https:\/\/www.ernstbrunn-apotheke.at\/katalog\/wp-json\/wp\/v2\/product_brand?post=136625"},{"taxonomy":"product_cat","embeddable":true,"href":"https:\/\/www.ernstbrunn-apotheke.at\/katalog\/wp-json\/wp\/v2\/product_cat?post=136625"},{"taxonomy":"product_tag","embeddable":true,"href":"https:\/\/www.ernstbrunn-apotheke.at\/katalog\/wp-json\/wp\/v2\/product_tag?post=136625"}],"curies":[{"name":"wp","href":"https:\/\/api.w.org\/{rel}","templated":true}]}}