{"id":136575,"date":"2025-11-14T17:28:52","date_gmt":"2025-11-14T16:28:52","guid":{"rendered":"https:\/\/www.ernstbrunn-apotheke.at\/katalog\/produkt\/vital-mineralkonzentrat-100-ml\/"},"modified":"2025-12-09T10:28:27","modified_gmt":"2025-12-09T09:28:27","slug":"vital-mineralkonzentrat-100-ml","status":"publish","type":"product","link":"https:\/\/www.ernstbrunn-apotheke.at\/katalog\/produkt\/vital-mineralkonzentrat-100-ml\/","title":{"rendered":"Vital Mineralkonzentrat 100 ml"},"content":{"rendered":"<p>Vital Mineralkonzentrat enth\u00e4lt Mineralstoffe und Spurenelemente die wie Vitamine lebenswichtige Substanzen sind, die von unserem K\u00f6rper nicht selbst hergestellt werden k\u00f6nnen und deren Bedarf je nach Gesundheit, Alter, k\u00f6rperlicher und geistiger Beanspruchung variiert.<\/p>\n","protected":false},"excerpt":{"rendered":"<p>Vital Mineralkonzentrat enth\u00e4lt Mineralstoffe und Spurenelemente die wie Vitamine lebenswichtige Substanzen sind, die von unserem K\u00f6rper nicht selbst hergestellt werden k\u00f6nnen und deren Bedarf je nach Gesundheit, Alter, k\u00f6rperlicher und geistiger Beanspruchung variiert.<\/p>\n","protected":false},"featured_media":0,"template":"","meta":{"_acf_changed":false},"product_brand":[],"product_cat":[799],"product_tag":[],"class_list":{"0":"post-136575","1":"product","2":"type-product","3":"status-publish","5":"product_cat-v","6":"pa_packungsgroesse-100ml","8":"first","9":"instock","10":"shipping-taxable","11":"purchasable","12":"product-type-simple"},"acf":[],"_links":{"self":[{"href":"https:\/\/www.ernstbrunn-apotheke.at\/katalog\/wp-json\/wp\/v2\/product\/136575","targetHints":{"allow":["GET"]}}],"collection":[{"href":"https:\/\/www.ernstbrunn-apotheke.at\/katalog\/wp-json\/wp\/v2\/product"}],"about":[{"href":"https:\/\/www.ernstbrunn-apotheke.at\/katalog\/wp-json\/wp\/v2\/types\/product"}],"wp:attachment":[{"href":"https:\/\/www.ernstbrunn-apotheke.at\/katalog\/wp-json\/wp\/v2\/media?parent=136575"}],"wp:term":[{"taxonomy":"product_brand","embeddable":true,"href":"https:\/\/www.ernstbrunn-apotheke.at\/katalog\/wp-json\/wp\/v2\/product_brand?post=136575"},{"taxonomy":"product_cat","embeddable":true,"href":"https:\/\/www.ernstbrunn-apotheke.at\/katalog\/wp-json\/wp\/v2\/product_cat?post=136575"},{"taxonomy":"product_tag","embeddable":true,"href":"https:\/\/www.ernstbrunn-apotheke.at\/katalog\/wp-json\/wp\/v2\/product_tag?post=136575"}],"curies":[{"name":"wp","href":"https:\/\/api.w.org\/{rel}","templated":true}]}}