{"id":136553,"date":"2025-11-14T17:28:14","date_gmt":"2025-11-14T16:28:14","guid":{"rendered":"https:\/\/www.ernstbrunn-apotheke.at\/katalog\/produkt\/vitak2-synergy-kapseln-60-stk\/"},"modified":"2025-12-09T10:28:22","modified_gmt":"2025-12-09T09:28:22","slug":"vitak2-synergy-kapseln-60-stk","status":"publish","type":"product","link":"https:\/\/www.ernstbrunn-apotheke.at\/katalog\/produkt\/vitak2-synergy-kapseln-60-stk\/","title":{"rendered":"VitaK2 Synergy Kapseln 60 Stk."},"content":{"rendered":"<p>VitaK2 Synergy Kapseln 60 Stk. besitzen eine synergistische Vitamin K Formel zum optimalen Schutz von Knochen und Blutgef\u00e4\u00dfen. Es enth\u00e4lt nat\u00fcrliches all-trans Vitamin K2 (MK-7), Vitamin K1, Vitamin D3 und ist mit Vitamin C optimiert. VitaK2 Synergy aktiviert alle Vitamin-K abh\u00e4ngigen Proteine und erm\u00f6glicht es so dem K\u00f6rper, Calcium f\u00fcr den Aufbau von gesunden, starken Knochen zu verwenden und Calciumablagerungen in Arterien (Arterienverkalkung) zu verhindern &#8211; als Standortapotheke bieten wir Ihnen 100 % Sicherheit und ausschlie\u00dflich Originalprodukte!<\/p>\n","protected":false},"excerpt":{"rendered":"<p>VitaK2 Synergy Kapseln 60 Stk. besitzen eine synergistische Vitamin K Formel zum optimalen Schutz von Knochen und Blutgef\u00e4\u00dfen. Es enth\u00e4lt nat\u00fcrliches all-trans Vitamin K2 (MK-7), Vitamin K1, Vitamin D3 und ist mit Vitamin C optimiert. VitaK2 Synergy aktiviert alle Vitamin-K abh\u00e4ngigen Proteine und erm\u00f6glicht es so dem K\u00f6rper, Calcium f\u00fcr den Aufbau von gesunden, starken [&hellip;]<\/p>\n","protected":false},"featured_media":0,"template":"","meta":{"_acf_changed":false},"product_brand":[],"product_cat":[799],"product_tag":[],"class_list":{"0":"post-136553","1":"product","2":"type-product","3":"status-publish","5":"product_cat-v","6":"pa_packungsgroesse-60-stueck","8":"first","9":"instock","10":"shipping-taxable","11":"purchasable","12":"product-type-simple"},"acf":[],"_links":{"self":[{"href":"https:\/\/www.ernstbrunn-apotheke.at\/katalog\/wp-json\/wp\/v2\/product\/136553","targetHints":{"allow":["GET"]}}],"collection":[{"href":"https:\/\/www.ernstbrunn-apotheke.at\/katalog\/wp-json\/wp\/v2\/product"}],"about":[{"href":"https:\/\/www.ernstbrunn-apotheke.at\/katalog\/wp-json\/wp\/v2\/types\/product"}],"wp:attachment":[{"href":"https:\/\/www.ernstbrunn-apotheke.at\/katalog\/wp-json\/wp\/v2\/media?parent=136553"}],"wp:term":[{"taxonomy":"product_brand","embeddable":true,"href":"https:\/\/www.ernstbrunn-apotheke.at\/katalog\/wp-json\/wp\/v2\/product_brand?post=136553"},{"taxonomy":"product_cat","embeddable":true,"href":"https:\/\/www.ernstbrunn-apotheke.at\/katalog\/wp-json\/wp\/v2\/product_cat?post=136553"},{"taxonomy":"product_tag","embeddable":true,"href":"https:\/\/www.ernstbrunn-apotheke.at\/katalog\/wp-json\/wp\/v2\/product_tag?post=136553"}],"curies":[{"name":"wp","href":"https:\/\/api.w.org\/{rel}","templated":true}]}}