{"id":13651,"date":"2025-11-07T15:10:49","date_gmt":"2025-11-07T14:10:49","guid":{"rendered":"https:\/\/www.ernstbrunn-apotheke.at\/katalog\/produkt\/staudt-collagen-drink-1000-ml\/"},"modified":"2025-12-08T13:36:06","modified_gmt":"2025-12-08T12:36:06","slug":"staudt-collagen-drink-1000-ml","status":"publish","type":"product","link":"https:\/\/www.ernstbrunn-apotheke.at\/katalog\/produkt\/staudt-collagen-drink-1000-ml\/","title":{"rendered":"Staudt Collagen Drink 1000 ml"},"content":{"rendered":"<p>Wohlschmeckender Kollagendrink f\u00fcr die t\u00e4gliche Anwendung mit dem erfrischenden Geschmack der Acerolakirsche. Tr\u00e4gt zu einer gesunden Kollagenbildung und normalen Funktion der Knochen und Knorpel bei.<\/p>\n","protected":false},"excerpt":{"rendered":"<p>Wohlschmeckender Kollagendrink f\u00fcr die t\u00e4gliche Anwendung mit dem erfrischenden Geschmack der Acerolakirsche. Tr\u00e4gt zu einer gesunden Kollagenbildung und normalen Funktion der Knochen und Knorpel bei.<\/p>\n","protected":false},"featured_media":13653,"template":"","meta":{"_acf_changed":false},"product_brand":[],"product_cat":[791],"product_tag":[],"class_list":{"0":"post-13651","1":"product","2":"type-product","3":"status-publish","4":"has-post-thumbnail","6":"product_cat-s","7":"pa_packungsgroesse-1l","9":"first","10":"instock","11":"shipping-taxable","12":"purchasable","13":"product-type-simple"},"acf":[],"_links":{"self":[{"href":"https:\/\/www.ernstbrunn-apotheke.at\/katalog\/wp-json\/wp\/v2\/product\/13651","targetHints":{"allow":["GET"]}}],"collection":[{"href":"https:\/\/www.ernstbrunn-apotheke.at\/katalog\/wp-json\/wp\/v2\/product"}],"about":[{"href":"https:\/\/www.ernstbrunn-apotheke.at\/katalog\/wp-json\/wp\/v2\/types\/product"}],"wp:featuredmedia":[{"embeddable":true,"href":"https:\/\/www.ernstbrunn-apotheke.at\/katalog\/wp-json\/wp\/v2\/media\/13653"}],"wp:attachment":[{"href":"https:\/\/www.ernstbrunn-apotheke.at\/katalog\/wp-json\/wp\/v2\/media?parent=13651"}],"wp:term":[{"taxonomy":"product_brand","embeddable":true,"href":"https:\/\/www.ernstbrunn-apotheke.at\/katalog\/wp-json\/wp\/v2\/product_brand?post=13651"},{"taxonomy":"product_cat","embeddable":true,"href":"https:\/\/www.ernstbrunn-apotheke.at\/katalog\/wp-json\/wp\/v2\/product_cat?post=13651"},{"taxonomy":"product_tag","embeddable":true,"href":"https:\/\/www.ernstbrunn-apotheke.at\/katalog\/wp-json\/wp\/v2\/product_tag?post=13651"}],"curies":[{"name":"wp","href":"https:\/\/api.w.org\/{rel}","templated":true}]}}