{"id":136463,"date":"2025-11-14T17:26:26","date_gmt":"2025-11-14T16:26:26","guid":{"rendered":"https:\/\/www.ernstbrunn-apotheke.at\/katalog\/produkt\/vichy-neovadiol-magistral-elixier-30-ml\/"},"modified":"2025-12-09T10:28:02","modified_gmt":"2025-12-09T09:28:02","slug":"vichy-neovadiol-magistral-elixier-30-ml","status":"publish","type":"product","link":"https:\/\/www.ernstbrunn-apotheke.at\/katalog\/produkt\/vichy-neovadiol-magistral-elixier-30-ml\/","title":{"rendered":"VICHY Neovadiol Magistral Elixier 30 ml"},"content":{"rendered":"<p>Die Kraft rekonstruktiver \u00d6le sorgen f\u00fcr mehr Festigkeit, Geschmeidigkeit und intensives Wohlbefinden. Belebt die Ausstrahlung. Verleiht Wohlgef\u00fchl. F\u00fcr mehr Festigkeit.<\/p>\n","protected":false},"excerpt":{"rendered":"<p>Die Kraft rekonstruktiver \u00d6le sorgen f\u00fcr mehr Festigkeit, Geschmeidigkeit und intensives Wohlbefinden. Belebt die Ausstrahlung. Verleiht Wohlgef\u00fchl. F\u00fcr mehr Festigkeit.<\/p>\n","protected":false},"featured_media":0,"template":"","meta":{"_acf_changed":false},"product_brand":[675],"product_cat":[799],"product_tag":[],"class_list":{"0":"post-136463","1":"product","2":"type-product","3":"status-publish","5":"product_brand-vichy","6":"product_cat-v","7":"pa_packungsgroesse-30ml","9":"first","10":"instock","11":"shipping-taxable","12":"purchasable","13":"product-type-simple"},"acf":[],"_links":{"self":[{"href":"https:\/\/www.ernstbrunn-apotheke.at\/katalog\/wp-json\/wp\/v2\/product\/136463","targetHints":{"allow":["GET"]}}],"collection":[{"href":"https:\/\/www.ernstbrunn-apotheke.at\/katalog\/wp-json\/wp\/v2\/product"}],"about":[{"href":"https:\/\/www.ernstbrunn-apotheke.at\/katalog\/wp-json\/wp\/v2\/types\/product"}],"wp:attachment":[{"href":"https:\/\/www.ernstbrunn-apotheke.at\/katalog\/wp-json\/wp\/v2\/media?parent=136463"}],"wp:term":[{"taxonomy":"product_brand","embeddable":true,"href":"https:\/\/www.ernstbrunn-apotheke.at\/katalog\/wp-json\/wp\/v2\/product_brand?post=136463"},{"taxonomy":"product_cat","embeddable":true,"href":"https:\/\/www.ernstbrunn-apotheke.at\/katalog\/wp-json\/wp\/v2\/product_cat?post=136463"},{"taxonomy":"product_tag","embeddable":true,"href":"https:\/\/www.ernstbrunn-apotheke.at\/katalog\/wp-json\/wp\/v2\/product_tag?post=136463"}],"curies":[{"name":"wp","href":"https:\/\/api.w.org\/{rel}","templated":true}]}}