{"id":136459,"date":"2025-11-14T17:26:15","date_gmt":"2025-11-14T16:26:15","guid":{"rendered":"https:\/\/www.ernstbrunn-apotheke.at\/katalog\/produkt\/vichy-mineralblend-fluid-15-terra-30-ml\/"},"modified":"2025-12-09T10:28:00","modified_gmt":"2025-12-09T09:28:00","slug":"vichy-mineralblend-fluid-15-terra-30-ml","status":"publish","type":"product","link":"https:\/\/www.ernstbrunn-apotheke.at\/katalog\/produkt\/vichy-mineralblend-fluid-15-terra-30-ml\/","title":{"rendered":"VICHY Mineralblend Fluid 15 Terra 30 ml"},"content":{"rendered":"<p>VICHY Mineralblend Fluid 15 Terra ist ein ultra-leichtes Make-up-Fluid mit Hyaluron. Feuchtigkeitsspendend wie eine Pflege. Die atmungsaktive Min\u00e9ralblend-Formel enth\u00e4lt Aktiv-Wirkstoffe wie nat\u00fcrliches Hyaluron, gereinigte Mineralpigmente und Vulkanischem Wasser von Vichy, die die Haut sofort mit Feuchtigkeit versorgen und pflegen. Die Make-up Textur verschmilzt beim Auftragen sofort mit der Haut. Dabei ist das Make-up Fluid atmungsaktiv und schenkt 16 Stunden lang einen nat\u00fcrlich, strahlenden Teint. Tag f\u00fcr Tag wirkt die Haut so frischer. F\u00fcr ein nat\u00fcrlich strahlendes Ergebnis<\/p>\n","protected":false},"excerpt":{"rendered":"<p>VICHY Mineralblend Fluid 15 Terra ist ein ultra-leichtes Make-up-Fluid mit Hyaluron. Feuchtigkeitsspendend wie eine Pflege. Die atmungsaktive Min\u00e9ralblend-Formel enth\u00e4lt Aktiv-Wirkstoffe wie nat\u00fcrliches Hyaluron, gereinigte Mineralpigmente und Vulkanischem Wasser von Vichy, die die Haut sofort mit Feuchtigkeit versorgen und pflegen. Die Make-up Textur verschmilzt beim Auftragen sofort mit der Haut. Dabei ist das Make-up Fluid atmungsaktiv [&hellip;]<\/p>\n","protected":false},"featured_media":0,"template":"","meta":{"_acf_changed":false},"product_brand":[675],"product_cat":[799],"product_tag":[],"class_list":{"0":"post-136459","1":"product","2":"type-product","3":"status-publish","5":"product_brand-vichy","6":"product_cat-v","7":"pa_packungsgroesse-30ml","9":"first","10":"instock","11":"shipping-taxable","12":"purchasable","13":"product-type-simple"},"acf":[],"_links":{"self":[{"href":"https:\/\/www.ernstbrunn-apotheke.at\/katalog\/wp-json\/wp\/v2\/product\/136459","targetHints":{"allow":["GET"]}}],"collection":[{"href":"https:\/\/www.ernstbrunn-apotheke.at\/katalog\/wp-json\/wp\/v2\/product"}],"about":[{"href":"https:\/\/www.ernstbrunn-apotheke.at\/katalog\/wp-json\/wp\/v2\/types\/product"}],"wp:attachment":[{"href":"https:\/\/www.ernstbrunn-apotheke.at\/katalog\/wp-json\/wp\/v2\/media?parent=136459"}],"wp:term":[{"taxonomy":"product_brand","embeddable":true,"href":"https:\/\/www.ernstbrunn-apotheke.at\/katalog\/wp-json\/wp\/v2\/product_brand?post=136459"},{"taxonomy":"product_cat","embeddable":true,"href":"https:\/\/www.ernstbrunn-apotheke.at\/katalog\/wp-json\/wp\/v2\/product_cat?post=136459"},{"taxonomy":"product_tag","embeddable":true,"href":"https:\/\/www.ernstbrunn-apotheke.at\/katalog\/wp-json\/wp\/v2\/product_tag?post=136459"}],"curies":[{"name":"wp","href":"https:\/\/api.w.org\/{rel}","templated":true}]}}