{"id":136370,"date":"2025-11-14T17:23:58","date_gmt":"2025-11-14T16:23:58","guid":{"rendered":"https:\/\/www.ernstbrunn-apotheke.at\/katalog\/produkt\/vitamin-d3-1000ie-tropfen-50-ml\/"},"modified":"2025-12-09T10:27:48","modified_gmt":"2025-12-09T09:27:48","slug":"vitamin-d3-1000ie-tropfen-50-ml","status":"publish","type":"product","link":"https:\/\/www.ernstbrunn-apotheke.at\/katalog\/produkt\/vitamin-d3-1000ie-tropfen-50-ml\/","title":{"rendered":"Vitamin D3 1000IE Tropfen 50 ml"},"content":{"rendered":"<p>Vitamin D3 ist wichtig f\u00fcr Ihre Knochen und Z\u00e4hne. Da der K\u00f6rper Vitamin D3 aus Sonnenlicht produziert, sind gerade im Winter Vitamin D M\u00e4ngel h\u00e4ufig m\u00f6glich. Deswegen: Ein Tropfen des fl\u00fcssigen Vitamin D3 Produkts versorgt Sie mit 1.000 IE (Internationale Einheiten) Vitamin D3 \u2013 in gewohnter Vitamaze-Qualit\u00e4t.<\/p>\n","protected":false},"excerpt":{"rendered":"<p>Vitamin D3 ist wichtig f\u00fcr Ihre Knochen und Z\u00e4hne. Da der K\u00f6rper Vitamin D3 aus Sonnenlicht produziert, sind gerade im Winter Vitamin D M\u00e4ngel h\u00e4ufig m\u00f6glich. Deswegen: Ein Tropfen des fl\u00fcssigen Vitamin D3 Produkts versorgt Sie mit 1.000 IE (Internationale Einheiten) Vitamin D3 \u2013 in gewohnter Vitamaze-Qualit\u00e4t.<\/p>\n","protected":false},"featured_media":136372,"template":"","meta":{"_acf_changed":false},"product_brand":[],"product_cat":[799],"product_tag":[],"class_list":{"0":"post-136370","1":"product","2":"type-product","3":"status-publish","4":"has-post-thumbnail","6":"product_cat-v","7":"pa_packungsgroesse-50ml","9":"first","10":"instock","11":"shipping-taxable","12":"purchasable","13":"product-type-simple"},"acf":[],"_links":{"self":[{"href":"https:\/\/www.ernstbrunn-apotheke.at\/katalog\/wp-json\/wp\/v2\/product\/136370","targetHints":{"allow":["GET"]}}],"collection":[{"href":"https:\/\/www.ernstbrunn-apotheke.at\/katalog\/wp-json\/wp\/v2\/product"}],"about":[{"href":"https:\/\/www.ernstbrunn-apotheke.at\/katalog\/wp-json\/wp\/v2\/types\/product"}],"wp:featuredmedia":[{"embeddable":true,"href":"https:\/\/www.ernstbrunn-apotheke.at\/katalog\/wp-json\/wp\/v2\/media\/136372"}],"wp:attachment":[{"href":"https:\/\/www.ernstbrunn-apotheke.at\/katalog\/wp-json\/wp\/v2\/media?parent=136370"}],"wp:term":[{"taxonomy":"product_brand","embeddable":true,"href":"https:\/\/www.ernstbrunn-apotheke.at\/katalog\/wp-json\/wp\/v2\/product_brand?post=136370"},{"taxonomy":"product_cat","embeddable":true,"href":"https:\/\/www.ernstbrunn-apotheke.at\/katalog\/wp-json\/wp\/v2\/product_cat?post=136370"},{"taxonomy":"product_tag","embeddable":true,"href":"https:\/\/www.ernstbrunn-apotheke.at\/katalog\/wp-json\/wp\/v2\/product_tag?post=136370"}],"curies":[{"name":"wp","href":"https:\/\/api.w.org\/{rel}","templated":true}]}}