{"id":136304,"date":"2025-11-14T17:21:57","date_gmt":"2025-11-14T16:21:57","guid":{"rendered":"https:\/\/www.ernstbrunn-apotheke.at\/katalog\/produkt\/vitam-gemuese-hefebruehe-dose-750-g\/"},"modified":"2025-12-09T10:27:41","modified_gmt":"2025-12-09T09:27:41","slug":"vitam-gemuese-hefebruehe-dose-750-g","status":"publish","type":"product","link":"https:\/\/www.ernstbrunn-apotheke.at\/katalog\/produkt\/vitam-gemuese-hefebruehe-dose-750-g\/","title":{"rendered":"Vitam Gem\u00fcse-Hefebr\u00fche Dose 750 g"},"content":{"rendered":"<p>Vitam Vitamin Gem Hefe Br\u00fche Dose wird nur mit echten Naturgew\u00fcrzen gew\u00fcrzt und auch der Salzgehalt ist erstaunlich gering. Die Trinkbr\u00fche k\u00f6nnen Sie mit guter Laune genie\u00dfen, denn sie enth\u00e4lt beste, aromatische Zutaten und ist zugleich besonders kalorienarm.<\/p>\n","protected":false},"excerpt":{"rendered":"<p>Vitam Vitamin Gem Hefe Br\u00fche Dose wird nur mit echten Naturgew\u00fcrzen gew\u00fcrzt und auch der Salzgehalt ist erstaunlich gering. Die Trinkbr\u00fche k\u00f6nnen Sie mit guter Laune genie\u00dfen, denn sie enth\u00e4lt beste, aromatische Zutaten und ist zugleich besonders kalorienarm.<\/p>\n","protected":false},"featured_media":136306,"template":"","meta":{"_acf_changed":false},"product_brand":[],"product_cat":[799],"product_tag":[],"class_list":{"0":"post-136304","1":"product","2":"type-product","3":"status-publish","4":"has-post-thumbnail","6":"product_cat-v","7":"pa_packungsgroesse-750g","9":"first","10":"instock","11":"shipping-taxable","12":"purchasable","13":"product-type-simple"},"acf":[],"_links":{"self":[{"href":"https:\/\/www.ernstbrunn-apotheke.at\/katalog\/wp-json\/wp\/v2\/product\/136304","targetHints":{"allow":["GET"]}}],"collection":[{"href":"https:\/\/www.ernstbrunn-apotheke.at\/katalog\/wp-json\/wp\/v2\/product"}],"about":[{"href":"https:\/\/www.ernstbrunn-apotheke.at\/katalog\/wp-json\/wp\/v2\/types\/product"}],"wp:featuredmedia":[{"embeddable":true,"href":"https:\/\/www.ernstbrunn-apotheke.at\/katalog\/wp-json\/wp\/v2\/media\/136306"}],"wp:attachment":[{"href":"https:\/\/www.ernstbrunn-apotheke.at\/katalog\/wp-json\/wp\/v2\/media?parent=136304"}],"wp:term":[{"taxonomy":"product_brand","embeddable":true,"href":"https:\/\/www.ernstbrunn-apotheke.at\/katalog\/wp-json\/wp\/v2\/product_brand?post=136304"},{"taxonomy":"product_cat","embeddable":true,"href":"https:\/\/www.ernstbrunn-apotheke.at\/katalog\/wp-json\/wp\/v2\/product_cat?post=136304"},{"taxonomy":"product_tag","embeddable":true,"href":"https:\/\/www.ernstbrunn-apotheke.at\/katalog\/wp-json\/wp\/v2\/product_tag?post=136304"}],"curies":[{"name":"wp","href":"https:\/\/api.w.org\/{rel}","templated":true}]}}