{"id":136286,"date":"2025-11-14T17:21:03","date_gmt":"2025-11-14T16:21:03","guid":{"rendered":"https:\/\/www.ernstbrunn-apotheke.at\/katalog\/produkt\/vitam-backhefe-11-g\/"},"modified":"2025-12-09T10:27:38","modified_gmt":"2025-12-09T09:27:38","slug":"vitam-backhefe-11-g","status":"publish","type":"product","link":"https:\/\/www.ernstbrunn-apotheke.at\/katalog\/produkt\/vitam-backhefe-11-g\/","title":{"rendered":"Vitam Backhefe 11 g"},"content":{"rendered":"<p>Vitam Backhefe leistet Ihnen durch ihre garantierte Triebkraft auch f\u00fcr schwere Teige eine wertvolle Hilfe in der Vollkornb\u00e4ckerei. Sie k\u00f6nnen sie f\u00fcr jeden Hefeteig anstelle von Frischhefe verwenden. Ein Beutel dieser Hefe entspricht hierbei einem Hefew\u00fcrfel von 42 g.<\/p>\n","protected":false},"excerpt":{"rendered":"<p>Vitam Backhefe leistet Ihnen durch ihre garantierte Triebkraft auch f\u00fcr schwere Teige eine wertvolle Hilfe in der Vollkornb\u00e4ckerei. Sie k\u00f6nnen sie f\u00fcr jeden Hefeteig anstelle von Frischhefe verwenden. Ein Beutel dieser Hefe entspricht hierbei einem Hefew\u00fcrfel von 42 g.<\/p>\n","protected":false},"featured_media":136288,"template":"","meta":{"_acf_changed":false},"product_brand":[],"product_cat":[799],"product_tag":[],"class_list":{"0":"post-136286","1":"product","2":"type-product","3":"status-publish","4":"has-post-thumbnail","6":"product_cat-v","7":"pa_packungsgroesse-11g","9":"first","10":"instock","11":"shipping-taxable","12":"purchasable","13":"product-type-simple"},"acf":[],"_links":{"self":[{"href":"https:\/\/www.ernstbrunn-apotheke.at\/katalog\/wp-json\/wp\/v2\/product\/136286","targetHints":{"allow":["GET"]}}],"collection":[{"href":"https:\/\/www.ernstbrunn-apotheke.at\/katalog\/wp-json\/wp\/v2\/product"}],"about":[{"href":"https:\/\/www.ernstbrunn-apotheke.at\/katalog\/wp-json\/wp\/v2\/types\/product"}],"wp:featuredmedia":[{"embeddable":true,"href":"https:\/\/www.ernstbrunn-apotheke.at\/katalog\/wp-json\/wp\/v2\/media\/136288"}],"wp:attachment":[{"href":"https:\/\/www.ernstbrunn-apotheke.at\/katalog\/wp-json\/wp\/v2\/media?parent=136286"}],"wp:term":[{"taxonomy":"product_brand","embeddable":true,"href":"https:\/\/www.ernstbrunn-apotheke.at\/katalog\/wp-json\/wp\/v2\/product_brand?post=136286"},{"taxonomy":"product_cat","embeddable":true,"href":"https:\/\/www.ernstbrunn-apotheke.at\/katalog\/wp-json\/wp\/v2\/product_cat?post=136286"},{"taxonomy":"product_tag","embeddable":true,"href":"https:\/\/www.ernstbrunn-apotheke.at\/katalog\/wp-json\/wp\/v2\/product_tag?post=136286"}],"curies":[{"name":"wp","href":"https:\/\/api.w.org\/{rel}","templated":true}]}}