{"id":136266,"date":"2025-11-14T17:21:03","date_gmt":"2025-11-14T16:21:03","guid":{"rendered":"https:\/\/www.ernstbrunn-apotheke.at\/katalog\/produkt\/vitabiosa-probiotic-kraeuter-1-l\/"},"modified":"2025-12-09T10:27:37","modified_gmt":"2025-12-09T09:27:37","slug":"vitabiosa-probiotic-kraeuter-1-l","status":"publish","type":"product","link":"https:\/\/www.ernstbrunn-apotheke.at\/katalog\/produkt\/vitabiosa-probiotic-kraeuter-1-l\/","title":{"rendered":"Vitabiosa Probiotic Kr\u00e4uter 1 L"},"content":{"rendered":"<p>Vitabiosa Probiotic Kr\u00e4uter ist ein Kr\u00e4utergetr\u00e4nk mit den Ausz\u00fcgen aus 19 verschiedenen biologischen Kr\u00e4utern. Diese Kr\u00e4uter werden mit sieben verschiedenen Milchs\u00e4urebakterienst\u00e4mmen fermentiert. Die Milchs\u00e4urebakterien vermehren sich w\u00e4hrend der Fermentation und die Zusammensetzung von diesen Mikroorganismen variiert von Zeit zu Zeit, da es sich bei Vita Biosa um ein \u00e4lebendes\u201c Produkt handelt.<\/p>\n","protected":false},"excerpt":{"rendered":"<p>Vitabiosa Probiotic Kr\u00e4uter ist ein Kr\u00e4utergetr\u00e4nk mit den Ausz\u00fcgen aus 19 verschiedenen biologischen Kr\u00e4utern. Diese Kr\u00e4uter werden mit sieben verschiedenen Milchs\u00e4urebakterienst\u00e4mmen fermentiert. Die Milchs\u00e4urebakterien vermehren sich w\u00e4hrend der Fermentation und die Zusammensetzung von diesen Mikroorganismen variiert von Zeit zu Zeit, da es sich bei Vita Biosa um ein \u00e4lebendes\u201c Produkt handelt.<\/p>\n","protected":false},"featured_media":136268,"template":"","meta":{"_acf_changed":false},"product_brand":[],"product_cat":[799],"product_tag":[],"class_list":{"0":"post-136266","1":"product","2":"type-product","3":"status-publish","4":"has-post-thumbnail","6":"product_cat-v","7":"pa_packungsgroesse-1l","9":"first","10":"instock","11":"shipping-taxable","12":"purchasable","13":"product-type-simple"},"acf":[],"_links":{"self":[{"href":"https:\/\/www.ernstbrunn-apotheke.at\/katalog\/wp-json\/wp\/v2\/product\/136266","targetHints":{"allow":["GET"]}}],"collection":[{"href":"https:\/\/www.ernstbrunn-apotheke.at\/katalog\/wp-json\/wp\/v2\/product"}],"about":[{"href":"https:\/\/www.ernstbrunn-apotheke.at\/katalog\/wp-json\/wp\/v2\/types\/product"}],"wp:featuredmedia":[{"embeddable":true,"href":"https:\/\/www.ernstbrunn-apotheke.at\/katalog\/wp-json\/wp\/v2\/media\/136268"}],"wp:attachment":[{"href":"https:\/\/www.ernstbrunn-apotheke.at\/katalog\/wp-json\/wp\/v2\/media?parent=136266"}],"wp:term":[{"taxonomy":"product_brand","embeddable":true,"href":"https:\/\/www.ernstbrunn-apotheke.at\/katalog\/wp-json\/wp\/v2\/product_brand?post=136266"},{"taxonomy":"product_cat","embeddable":true,"href":"https:\/\/www.ernstbrunn-apotheke.at\/katalog\/wp-json\/wp\/v2\/product_cat?post=136266"},{"taxonomy":"product_tag","embeddable":true,"href":"https:\/\/www.ernstbrunn-apotheke.at\/katalog\/wp-json\/wp\/v2\/product_tag?post=136266"}],"curies":[{"name":"wp","href":"https:\/\/api.w.org\/{rel}","templated":true}]}}