{"id":136256,"date":"2025-11-14T17:20:20","date_gmt":"2025-11-14T16:20:20","guid":{"rendered":"https:\/\/www.ernstbrunn-apotheke.at\/katalog\/produkt\/viscum-album-spagyra-50-ml-urtinktur\/"},"modified":"2025-12-09T10:27:36","modified_gmt":"2025-12-09T09:27:36","slug":"viscum-album-spagyra-50-ml-urtinktur","status":"publish","type":"product","link":"https:\/\/www.ernstbrunn-apotheke.at\/katalog\/produkt\/viscum-album-spagyra-50-ml-urtinktur\/","title":{"rendered":"Viscum Album Spagyra 50 ml Urtinktur"},"content":{"rendered":"<p>Spagyra bietet hom\u00f6opathische Einzelmittel, um \u00c4hnliches mit \u00c4hnlichem zu heilen. Der K\u00f6rper wird dadurch zur Selbstheilung angeregt. Das Immunsystem wird gest\u00e4rkt. Ob Globuli, Dilutionen, Tabletten oder Triturationen.<\/p>\n","protected":false},"excerpt":{"rendered":"<p>Spagyra bietet hom\u00f6opathische Einzelmittel, um \u00c4hnliches mit \u00c4hnlichem zu heilen. Der K\u00f6rper wird dadurch zur Selbstheilung angeregt. Das Immunsystem wird gest\u00e4rkt. Ob Globuli, Dilutionen, Tabletten oder Triturationen.<\/p>\n","protected":false},"featured_media":136258,"template":"","meta":{"_acf_changed":false},"product_brand":[],"product_cat":[799],"product_tag":[],"class_list":{"0":"post-136256","1":"product","2":"type-product","3":"status-publish","4":"has-post-thumbnail","6":"product_cat-v","7":"pa_packungsgroesse-50ml","9":"first","10":"instock","11":"shipping-taxable","12":"purchasable","13":"product-type-simple"},"acf":[],"_links":{"self":[{"href":"https:\/\/www.ernstbrunn-apotheke.at\/katalog\/wp-json\/wp\/v2\/product\/136256","targetHints":{"allow":["GET"]}}],"collection":[{"href":"https:\/\/www.ernstbrunn-apotheke.at\/katalog\/wp-json\/wp\/v2\/product"}],"about":[{"href":"https:\/\/www.ernstbrunn-apotheke.at\/katalog\/wp-json\/wp\/v2\/types\/product"}],"wp:featuredmedia":[{"embeddable":true,"href":"https:\/\/www.ernstbrunn-apotheke.at\/katalog\/wp-json\/wp\/v2\/media\/136258"}],"wp:attachment":[{"href":"https:\/\/www.ernstbrunn-apotheke.at\/katalog\/wp-json\/wp\/v2\/media?parent=136256"}],"wp:term":[{"taxonomy":"product_brand","embeddable":true,"href":"https:\/\/www.ernstbrunn-apotheke.at\/katalog\/wp-json\/wp\/v2\/product_brand?post=136256"},{"taxonomy":"product_cat","embeddable":true,"href":"https:\/\/www.ernstbrunn-apotheke.at\/katalog\/wp-json\/wp\/v2\/product_cat?post=136256"},{"taxonomy":"product_tag","embeddable":true,"href":"https:\/\/www.ernstbrunn-apotheke.at\/katalog\/wp-json\/wp\/v2\/product_tag?post=136256"}],"curies":[{"name":"wp","href":"https:\/\/api.w.org\/{rel}","templated":true}]}}