{"id":136217,"date":"2025-11-14T17:19:29","date_gmt":"2025-11-14T16:19:29","guid":{"rendered":"https:\/\/www.ernstbrunn-apotheke.at\/katalog\/produkt\/vichy-naturalblend-lippenbalsam-transparent-45-g\/"},"modified":"2025-12-09T10:27:31","modified_gmt":"2025-12-09T09:27:31","slug":"vichy-naturalblend-lippenbalsam-transparent-45-g","status":"publish","type":"product","link":"https:\/\/www.ernstbrunn-apotheke.at\/katalog\/produkt\/vichy-naturalblend-lippenbalsam-transparent-45-g\/","title":{"rendered":"VICHY Naturalblend Lippenbalsam Transparent 4,5 g"},"content":{"rendered":"<p>Der Naturalblend Lippenbalsam besteht zu 96 % aus nat\u00fcrlichen Inhaltsstoffen und schenkt mit seiner sanften Textur ein angenehmes Tragegef\u00fchl. Dank Kokosnussbutter, Bienenwachs und ausgew\u00e4hlter \u00d6le werden spr\u00f6de und trockene Lippen repariert und mit ausreichend Feuchtigkeit versorgt. Mit einer aufbauenden Farbintensit\u00e4t h\u00fcllt der Balsam die Lippen bis zu 4 Stunden lang in nat\u00fcrliche Farbe. PFLEGENDER BALSAM &#038; NAT\u00dcRLICHE FARBE.<\/p>\n","protected":false},"excerpt":{"rendered":"<p>Der Naturalblend Lippenbalsam besteht zu 96 % aus nat\u00fcrlichen Inhaltsstoffen und schenkt mit seiner sanften Textur ein angenehmes Tragegef\u00fchl. Dank Kokosnussbutter, Bienenwachs und ausgew\u00e4hlter \u00d6le werden spr\u00f6de und trockene Lippen repariert und mit ausreichend Feuchtigkeit versorgt. Mit einer aufbauenden Farbintensit\u00e4t h\u00fcllt der Balsam die Lippen bis zu 4 Stunden lang in nat\u00fcrliche Farbe. PFLEGENDER BALSAM [&hellip;]<\/p>\n","protected":false},"featured_media":136219,"template":"","meta":{"_acf_changed":false},"product_brand":[675],"product_cat":[799],"product_tag":[],"class_list":{"0":"post-136217","1":"product","2":"type-product","3":"status-publish","4":"has-post-thumbnail","6":"product_brand-vichy","7":"product_cat-v","8":"pa_packungsgroesse-4g","10":"first","11":"instock","12":"shipping-taxable","13":"purchasable","14":"product-type-simple"},"acf":[],"_links":{"self":[{"href":"https:\/\/www.ernstbrunn-apotheke.at\/katalog\/wp-json\/wp\/v2\/product\/136217","targetHints":{"allow":["GET"]}}],"collection":[{"href":"https:\/\/www.ernstbrunn-apotheke.at\/katalog\/wp-json\/wp\/v2\/product"}],"about":[{"href":"https:\/\/www.ernstbrunn-apotheke.at\/katalog\/wp-json\/wp\/v2\/types\/product"}],"wp:featuredmedia":[{"embeddable":true,"href":"https:\/\/www.ernstbrunn-apotheke.at\/katalog\/wp-json\/wp\/v2\/media\/136219"}],"wp:attachment":[{"href":"https:\/\/www.ernstbrunn-apotheke.at\/katalog\/wp-json\/wp\/v2\/media?parent=136217"}],"wp:term":[{"taxonomy":"product_brand","embeddable":true,"href":"https:\/\/www.ernstbrunn-apotheke.at\/katalog\/wp-json\/wp\/v2\/product_brand?post=136217"},{"taxonomy":"product_cat","embeddable":true,"href":"https:\/\/www.ernstbrunn-apotheke.at\/katalog\/wp-json\/wp\/v2\/product_cat?post=136217"},{"taxonomy":"product_tag","embeddable":true,"href":"https:\/\/www.ernstbrunn-apotheke.at\/katalog\/wp-json\/wp\/v2\/product_tag?post=136217"}],"curies":[{"name":"wp","href":"https:\/\/api.w.org\/{rel}","templated":true}]}}