{"id":136199,"date":"2025-11-14T17:18:53","date_gmt":"2025-11-14T16:18:53","guid":{"rendered":"https:\/\/www.ernstbrunn-apotheke.at\/katalog\/produkt\/vichy-klaerende-detox-kohle-maske-duo-sachet-2-x-6-ml\/"},"modified":"2025-12-09T10:27:28","modified_gmt":"2025-12-09T09:27:28","slug":"vichy-klaerende-detox-kohle-maske-duo-sachet-2-x-6-ml","status":"publish","type":"product","link":"https:\/\/www.ernstbrunn-apotheke.at\/katalog\/produkt\/vichy-klaerende-detox-kohle-maske-duo-sachet-2-x-6-ml\/","title":{"rendered":"VICHY Kl\u00e4rende Detox Kohle Maske Duo-Sachet 2 x 6 ml"},"content":{"rendered":"<p>Die kl\u00e4rende Detox Kohle Maske belebt die Haut, die durch \u00e4u\u00dfere Einfl\u00fcsse gereizt ist. F\u00fcr eine angenehm frische und mit Feuchtigkeit versorgte Haut. Poren werden verfeinert und die Haut f\u00fchlt sich angenehm frisch und weich an. Dank einer Kombination aus pflanzlicher Kohle und Kaolin-Tonerde kl\u00e4rt die Detox-Gesichtsmaske die Haut und befreit sie von Schadstoffen. Das VICHY-Thermalwasser f\u00fchlt sich die Haut sofort angenehm weich und frisch an..<\/p>\n","protected":false},"excerpt":{"rendered":"<p>Die kl\u00e4rende Detox Kohle Maske belebt die Haut, die durch \u00e4u\u00dfere Einfl\u00fcsse gereizt ist. F\u00fcr eine angenehm frische und mit Feuchtigkeit versorgte Haut. Poren werden verfeinert und die Haut f\u00fchlt sich angenehm frisch und weich an. Dank einer Kombination aus pflanzlicher Kohle und Kaolin-Tonerde kl\u00e4rt die Detox-Gesichtsmaske die Haut und befreit sie von Schadstoffen. Das [&hellip;]<\/p>\n","protected":false},"featured_media":136201,"template":"","meta":{"_acf_changed":false},"product_brand":[675],"product_cat":[799],"product_tag":[],"class_list":{"0":"post-136199","1":"product","2":"type-product","3":"status-publish","4":"has-post-thumbnail","6":"product_brand-vichy","7":"product_cat-v","8":"pa_packungsgroesse-2-stueck","10":"first","11":"instock","12":"shipping-taxable","13":"purchasable","14":"product-type-simple"},"acf":[],"_links":{"self":[{"href":"https:\/\/www.ernstbrunn-apotheke.at\/katalog\/wp-json\/wp\/v2\/product\/136199","targetHints":{"allow":["GET"]}}],"collection":[{"href":"https:\/\/www.ernstbrunn-apotheke.at\/katalog\/wp-json\/wp\/v2\/product"}],"about":[{"href":"https:\/\/www.ernstbrunn-apotheke.at\/katalog\/wp-json\/wp\/v2\/types\/product"}],"wp:featuredmedia":[{"embeddable":true,"href":"https:\/\/www.ernstbrunn-apotheke.at\/katalog\/wp-json\/wp\/v2\/media\/136201"}],"wp:attachment":[{"href":"https:\/\/www.ernstbrunn-apotheke.at\/katalog\/wp-json\/wp\/v2\/media?parent=136199"}],"wp:term":[{"taxonomy":"product_brand","embeddable":true,"href":"https:\/\/www.ernstbrunn-apotheke.at\/katalog\/wp-json\/wp\/v2\/product_brand?post=136199"},{"taxonomy":"product_cat","embeddable":true,"href":"https:\/\/www.ernstbrunn-apotheke.at\/katalog\/wp-json\/wp\/v2\/product_cat?post=136199"},{"taxonomy":"product_tag","embeddable":true,"href":"https:\/\/www.ernstbrunn-apotheke.at\/katalog\/wp-json\/wp\/v2\/product_tag?post=136199"}],"curies":[{"name":"wp","href":"https:\/\/api.w.org\/{rel}","templated":true}]}}