{"id":136178,"date":"2025-11-14T17:18:03","date_gmt":"2025-11-14T16:18:03","guid":{"rendered":"https:\/\/www.ernstbrunn-apotheke.at\/katalog\/produkt\/vichy-mineralblend-mosaik-puder-fair-9-g\/"},"modified":"2025-12-09T10:27:22","modified_gmt":"2025-12-09T09:27:22","slug":"vichy-mineralblend-mosaik-puder-fair-9-g","status":"publish","type":"product","link":"https:\/\/www.ernstbrunn-apotheke.at\/katalog\/produkt\/vichy-mineralblend-mosaik-puder-fair-9-g\/","title":{"rendered":"VICHY Mineralblend Mosaik Puder Fair 9 g"},"content":{"rendered":"<p>Das Min\u00e9ralblend Mosaik Puder mit drei separaten Farben, basiert auf ausgew\u00e4hlten, nat\u00fcrlichen Inhaltsstoffen. Die Textur ist mit gereinigten Mineralpigmenten und Kokos\u00f6l angereichert. Min\u00e9ralblend Mosaik Puder gleicht den Teint aus und garantiert ein angenehmes Tragegef\u00fchl f\u00fcr alle Hauttypen. Der Mosaik Puder kann allein oder nach dem Fl\u00fcssig-Make-up Min\u00e9ralblend Fluid aufgetragen werden und sorgt f\u00fcr einen frischen, mattierten Teint<\/p>\n","protected":false},"excerpt":{"rendered":"<p>Das Min\u00e9ralblend Mosaik Puder mit drei separaten Farben, basiert auf ausgew\u00e4hlten, nat\u00fcrlichen Inhaltsstoffen. Die Textur ist mit gereinigten Mineralpigmenten und Kokos\u00f6l angereichert. Min\u00e9ralblend Mosaik Puder gleicht den Teint aus und garantiert ein angenehmes Tragegef\u00fchl f\u00fcr alle Hauttypen. Der Mosaik Puder kann allein oder nach dem Fl\u00fcssig-Make-up Min\u00e9ralblend Fluid aufgetragen werden und sorgt f\u00fcr einen frischen, [&hellip;]<\/p>\n","protected":false},"featured_media":136180,"template":"","meta":{"_acf_changed":false},"product_brand":[675],"product_cat":[799],"product_tag":[],"class_list":{"0":"post-136178","1":"product","2":"type-product","3":"status-publish","4":"has-post-thumbnail","6":"product_brand-vichy","7":"product_cat-v","8":"pa_packungsgroesse-9g","10":"first","11":"instock","12":"shipping-taxable","13":"purchasable","14":"product-type-simple"},"acf":[],"_links":{"self":[{"href":"https:\/\/www.ernstbrunn-apotheke.at\/katalog\/wp-json\/wp\/v2\/product\/136178","targetHints":{"allow":["GET"]}}],"collection":[{"href":"https:\/\/www.ernstbrunn-apotheke.at\/katalog\/wp-json\/wp\/v2\/product"}],"about":[{"href":"https:\/\/www.ernstbrunn-apotheke.at\/katalog\/wp-json\/wp\/v2\/types\/product"}],"wp:featuredmedia":[{"embeddable":true,"href":"https:\/\/www.ernstbrunn-apotheke.at\/katalog\/wp-json\/wp\/v2\/media\/136180"}],"wp:attachment":[{"href":"https:\/\/www.ernstbrunn-apotheke.at\/katalog\/wp-json\/wp\/v2\/media?parent=136178"}],"wp:term":[{"taxonomy":"product_brand","embeddable":true,"href":"https:\/\/www.ernstbrunn-apotheke.at\/katalog\/wp-json\/wp\/v2\/product_brand?post=136178"},{"taxonomy":"product_cat","embeddable":true,"href":"https:\/\/www.ernstbrunn-apotheke.at\/katalog\/wp-json\/wp\/v2\/product_cat?post=136178"},{"taxonomy":"product_tag","embeddable":true,"href":"https:\/\/www.ernstbrunn-apotheke.at\/katalog\/wp-json\/wp\/v2\/product_tag?post=136178"}],"curies":[{"name":"wp","href":"https:\/\/api.w.org\/{rel}","templated":true}]}}