{"id":13613,"date":"2025-11-07T15:10:05","date_gmt":"2025-11-07T14:10:05","guid":{"rendered":"https:\/\/www.ernstbrunn-apotheke.at\/katalog\/produkt\/waldhoer-gruenlippmuschel-extrakt-kapseln-70-stk\/"},"modified":"2025-12-08T13:36:01","modified_gmt":"2025-12-08T12:36:01","slug":"waldhoer-gruenlippmuschel-extrakt-kapseln-70-stk","status":"publish","type":"product","link":"https:\/\/www.ernstbrunn-apotheke.at\/katalog\/produkt\/waldhoer-gruenlippmuschel-extrakt-kapseln-70-stk\/","title":{"rendered":"Waldh\u00f6r Gr\u00fcnlippmuschel Extrakt Kapseln 70 Stk."},"content":{"rendered":"<p>Waldh\u00f6r Gr\u00fcnlippmuschel Extrakt Kapseln: Das Extrakt der Gr\u00fcnlippmuschel ist schon seit Jahrhunderten das Geheimrezept der Maoris gegen Gelenk- und Knochenbeschwerden.<\/p>\n","protected":false},"excerpt":{"rendered":"<p>Waldh\u00f6r Gr\u00fcnlippmuschel Extrakt Kapseln: Das Extrakt der Gr\u00fcnlippmuschel ist schon seit Jahrhunderten das Geheimrezept der Maoris gegen Gelenk- und Knochenbeschwerden.<\/p>\n","protected":false},"featured_media":13615,"template":"","meta":{"_acf_changed":false},"product_brand":[],"product_cat":[796],"product_tag":[],"class_list":{"0":"post-13613","1":"product","2":"type-product","3":"status-publish","4":"has-post-thumbnail","6":"product_cat-w","7":"pa_packungsgroesse-70-stueck","9":"first","10":"instock","11":"shipping-taxable","12":"purchasable","13":"product-type-simple"},"acf":[],"_links":{"self":[{"href":"https:\/\/www.ernstbrunn-apotheke.at\/katalog\/wp-json\/wp\/v2\/product\/13613","targetHints":{"allow":["GET"]}}],"collection":[{"href":"https:\/\/www.ernstbrunn-apotheke.at\/katalog\/wp-json\/wp\/v2\/product"}],"about":[{"href":"https:\/\/www.ernstbrunn-apotheke.at\/katalog\/wp-json\/wp\/v2\/types\/product"}],"wp:featuredmedia":[{"embeddable":true,"href":"https:\/\/www.ernstbrunn-apotheke.at\/katalog\/wp-json\/wp\/v2\/media\/13615"}],"wp:attachment":[{"href":"https:\/\/www.ernstbrunn-apotheke.at\/katalog\/wp-json\/wp\/v2\/media?parent=13613"}],"wp:term":[{"taxonomy":"product_brand","embeddable":true,"href":"https:\/\/www.ernstbrunn-apotheke.at\/katalog\/wp-json\/wp\/v2\/product_brand?post=13613"},{"taxonomy":"product_cat","embeddable":true,"href":"https:\/\/www.ernstbrunn-apotheke.at\/katalog\/wp-json\/wp\/v2\/product_cat?post=13613"},{"taxonomy":"product_tag","embeddable":true,"href":"https:\/\/www.ernstbrunn-apotheke.at\/katalog\/wp-json\/wp\/v2\/product_tag?post=13613"}],"curies":[{"name":"wp","href":"https:\/\/api.w.org\/{rel}","templated":true}]}}