{"id":136120,"date":"2025-11-14T17:16:53","date_gmt":"2025-11-14T16:16:53","guid":{"rendered":"https:\/\/www.ernstbrunn-apotheke.at\/katalog\/produkt\/vichy-mineralblend-fluid-01-clay-30-ml\/"},"modified":"2025-12-09T10:27:15","modified_gmt":"2025-12-09T09:27:15","slug":"vichy-mineralblend-fluid-01-clay-30-ml","status":"publish","type":"product","link":"https:\/\/www.ernstbrunn-apotheke.at\/katalog\/produkt\/vichy-mineralblend-fluid-01-clay-30-ml\/","title":{"rendered":"VICHY Mineralblend Fluid 01 Clay 30 ml"},"content":{"rendered":"<p>VICHY Mineralblend Fluid 01 Clay ist ein ultra-leichtes Make-up-Fluid mit Hyaluron. Feuchtigkeitsspendend wie eine Pflege. Die atmungsaktive Min\u00e9ralblend-Formel enth\u00e4lt Aktiv-Wirkstoffe wie nat\u00fcrliches Hyaluron, gereinigte Mineralpigmente und Vulkanischem Wasser von Vichy, die die Haut sofort mit Feuchtigkeit versorgen und pflegen. Die Make-up Textur verschmilzt beim Auftragen sofort mit der Haut. Dabei ist das Make-up Fluid atmungsaktiv und schenkt 16 Stunden lang einen nat\u00fcrlich, strahlenden Teint. Tag f\u00fcr Tag wirkt die Haut so frischer. F\u00fcr ein nat\u00fcrlich strahlendes Ergebnis<\/p>\n","protected":false},"excerpt":{"rendered":"<p>VICHY Mineralblend Fluid 01 Clay ist ein ultra-leichtes Make-up-Fluid mit Hyaluron. Feuchtigkeitsspendend wie eine Pflege. Die atmungsaktive Min\u00e9ralblend-Formel enth\u00e4lt Aktiv-Wirkstoffe wie nat\u00fcrliches Hyaluron, gereinigte Mineralpigmente und Vulkanischem Wasser von Vichy, die die Haut sofort mit Feuchtigkeit versorgen und pflegen. Die Make-up Textur verschmilzt beim Auftragen sofort mit der Haut. Dabei ist das Make-up Fluid atmungsaktiv [&hellip;]<\/p>\n","protected":false},"featured_media":136122,"template":"","meta":{"_acf_changed":false},"product_brand":[675],"product_cat":[799],"product_tag":[],"class_list":{"0":"post-136120","1":"product","2":"type-product","3":"status-publish","4":"has-post-thumbnail","6":"product_brand-vichy","7":"product_cat-v","8":"pa_packungsgroesse-30ml","10":"first","11":"instock","12":"shipping-taxable","13":"purchasable","14":"product-type-simple"},"acf":[],"_links":{"self":[{"href":"https:\/\/www.ernstbrunn-apotheke.at\/katalog\/wp-json\/wp\/v2\/product\/136120","targetHints":{"allow":["GET"]}}],"collection":[{"href":"https:\/\/www.ernstbrunn-apotheke.at\/katalog\/wp-json\/wp\/v2\/product"}],"about":[{"href":"https:\/\/www.ernstbrunn-apotheke.at\/katalog\/wp-json\/wp\/v2\/types\/product"}],"wp:featuredmedia":[{"embeddable":true,"href":"https:\/\/www.ernstbrunn-apotheke.at\/katalog\/wp-json\/wp\/v2\/media\/136122"}],"wp:attachment":[{"href":"https:\/\/www.ernstbrunn-apotheke.at\/katalog\/wp-json\/wp\/v2\/media?parent=136120"}],"wp:term":[{"taxonomy":"product_brand","embeddable":true,"href":"https:\/\/www.ernstbrunn-apotheke.at\/katalog\/wp-json\/wp\/v2\/product_brand?post=136120"},{"taxonomy":"product_cat","embeddable":true,"href":"https:\/\/www.ernstbrunn-apotheke.at\/katalog\/wp-json\/wp\/v2\/product_cat?post=136120"},{"taxonomy":"product_tag","embeddable":true,"href":"https:\/\/www.ernstbrunn-apotheke.at\/katalog\/wp-json\/wp\/v2\/product_tag?post=136120"}],"curies":[{"name":"wp","href":"https:\/\/api.w.org\/{rel}","templated":true}]}}