{"id":136102,"date":"2025-11-14T16:52:04","date_gmt":"2025-11-14T15:52:04","guid":{"rendered":"https:\/\/www.ernstbrunn-apotheke.at\/katalog\/produkt\/vichy-liftactiv-supreme-serum-10-30-ml\/"},"modified":"2025-12-09T10:27:13","modified_gmt":"2025-12-09T09:27:13","slug":"vichy-liftactiv-supreme-serum-10-30-ml","status":"publish","type":"product","link":"https:\/\/www.ernstbrunn-apotheke.at\/katalog\/produkt\/vichy-liftactiv-supreme-serum-10-30-ml\/","title":{"rendered":"VICHY Liftactiv Supreme Serum 10 30 ml"},"content":{"rendered":"<p>VICHY Liftactiv Serum 10 Supreme 30 ml enth\u00e4lt die Wirkstoffe Rhamnose, Hyalurons\u00e4ure und Adenosin. Diese Wirkstoffe binden Feuchtigkeit in der Haut und f\u00fcllen Falten auf. Das Serum wirkt vor allem gegen tiefe Falten, kleine F\u00e4ltchen und Elasitzit\u00e4tsverlust. Das neue Supreme Serum ist deutlich wirksamer als das Vorg\u00e4ngerprodukt, da nun hydrolisierte, fragmentierte Hyalurons\u00e4ure enthalten ist, die leichter in die Tiefe der Haut eindringen kann.<\/p>\n","protected":false},"excerpt":{"rendered":"<p>VICHY Liftactiv Serum 10 Supreme 30 ml enth\u00e4lt die Wirkstoffe Rhamnose, Hyalurons\u00e4ure und Adenosin. Diese Wirkstoffe binden Feuchtigkeit in der Haut und f\u00fcllen Falten auf. Das Serum wirkt vor allem gegen tiefe Falten, kleine F\u00e4ltchen und Elasitzit\u00e4tsverlust. Das neue Supreme Serum ist deutlich wirksamer als das Vorg\u00e4ngerprodukt, da nun hydrolisierte, fragmentierte Hyalurons\u00e4ure enthalten ist, die [&hellip;]<\/p>\n","protected":false},"featured_media":136104,"template":"","meta":{"_acf_changed":false},"product_brand":[675],"product_cat":[799],"product_tag":[],"class_list":{"0":"post-136102","1":"product","2":"type-product","3":"status-publish","4":"has-post-thumbnail","6":"product_brand-vichy","7":"product_cat-v","8":"pa_packungsgroesse-30ml","10":"first","11":"instock","12":"shipping-taxable","13":"purchasable","14":"product-type-simple"},"acf":[],"_links":{"self":[{"href":"https:\/\/www.ernstbrunn-apotheke.at\/katalog\/wp-json\/wp\/v2\/product\/136102","targetHints":{"allow":["GET"]}}],"collection":[{"href":"https:\/\/www.ernstbrunn-apotheke.at\/katalog\/wp-json\/wp\/v2\/product"}],"about":[{"href":"https:\/\/www.ernstbrunn-apotheke.at\/katalog\/wp-json\/wp\/v2\/types\/product"}],"wp:featuredmedia":[{"embeddable":true,"href":"https:\/\/www.ernstbrunn-apotheke.at\/katalog\/wp-json\/wp\/v2\/media\/136104"}],"wp:attachment":[{"href":"https:\/\/www.ernstbrunn-apotheke.at\/katalog\/wp-json\/wp\/v2\/media?parent=136102"}],"wp:term":[{"taxonomy":"product_brand","embeddable":true,"href":"https:\/\/www.ernstbrunn-apotheke.at\/katalog\/wp-json\/wp\/v2\/product_brand?post=136102"},{"taxonomy":"product_cat","embeddable":true,"href":"https:\/\/www.ernstbrunn-apotheke.at\/katalog\/wp-json\/wp\/v2\/product_cat?post=136102"},{"taxonomy":"product_tag","embeddable":true,"href":"https:\/\/www.ernstbrunn-apotheke.at\/katalog\/wp-json\/wp\/v2\/product_tag?post=136102"}],"curies":[{"name":"wp","href":"https:\/\/api.w.org\/{rel}","templated":true}]}}