{"id":136098,"date":"2025-11-14T16:52:04","date_gmt":"2025-11-14T15:52:04","guid":{"rendered":"https:\/\/www.ernstbrunn-apotheke.at\/katalog\/produkt\/vichy-liftactiv-cxp-total-30-ml\/"},"modified":"2025-12-09T10:27:13","modified_gmt":"2025-12-09T09:27:13","slug":"vichy-liftactiv-cxp-total-30-ml","status":"publish","type":"product","link":"https:\/\/www.ernstbrunn-apotheke.at\/katalog\/produkt\/vichy-liftactiv-cxp-total-30-ml\/","title":{"rendered":"VICHY Liftactiv CXP Total 30 ml"},"content":{"rendered":"<p>Vichy Liftactiv CXP Total erm\u00f6glicht durch kontinuierliche Abgabe von Vitamin C die Vermehrung der hauteigenen &#8222;Anti-Aging-Zellen&#8220; (Fibroblasten). Die Elastizit\u00e4t und Spannkraft der Haut wird gest\u00e4rkt und das Hautbild wird zunehmend glatter und gleichm\u00e4\u00dfiger.<\/p>\n","protected":false},"excerpt":{"rendered":"<p>Vichy Liftactiv CXP Total erm\u00f6glicht durch kontinuierliche Abgabe von Vitamin C die Vermehrung der hauteigenen &#8222;Anti-Aging-Zellen&#8220; (Fibroblasten). Die Elastizit\u00e4t und Spannkraft der Haut wird gest\u00e4rkt und das Hautbild wird zunehmend glatter und gleichm\u00e4\u00dfiger.<\/p>\n","protected":false},"featured_media":136100,"template":"","meta":{"_acf_changed":false},"product_brand":[675],"product_cat":[799],"product_tag":[],"class_list":{"0":"post-136098","1":"product","2":"type-product","3":"status-publish","4":"has-post-thumbnail","6":"product_brand-vichy","7":"product_cat-v","8":"pa_packungsgroesse-30ml","10":"first","11":"instock","12":"shipping-taxable","13":"purchasable","14":"product-type-simple"},"acf":[],"_links":{"self":[{"href":"https:\/\/www.ernstbrunn-apotheke.at\/katalog\/wp-json\/wp\/v2\/product\/136098","targetHints":{"allow":["GET"]}}],"collection":[{"href":"https:\/\/www.ernstbrunn-apotheke.at\/katalog\/wp-json\/wp\/v2\/product"}],"about":[{"href":"https:\/\/www.ernstbrunn-apotheke.at\/katalog\/wp-json\/wp\/v2\/types\/product"}],"wp:featuredmedia":[{"embeddable":true,"href":"https:\/\/www.ernstbrunn-apotheke.at\/katalog\/wp-json\/wp\/v2\/media\/136100"}],"wp:attachment":[{"href":"https:\/\/www.ernstbrunn-apotheke.at\/katalog\/wp-json\/wp\/v2\/media?parent=136098"}],"wp:term":[{"taxonomy":"product_brand","embeddable":true,"href":"https:\/\/www.ernstbrunn-apotheke.at\/katalog\/wp-json\/wp\/v2\/product_brand?post=136098"},{"taxonomy":"product_cat","embeddable":true,"href":"https:\/\/www.ernstbrunn-apotheke.at\/katalog\/wp-json\/wp\/v2\/product_cat?post=136098"},{"taxonomy":"product_tag","embeddable":true,"href":"https:\/\/www.ernstbrunn-apotheke.at\/katalog\/wp-json\/wp\/v2\/product_tag?post=136098"}],"curies":[{"name":"wp","href":"https:\/\/api.w.org\/{rel}","templated":true}]}}