{"id":136088,"date":"2025-11-14T16:52:04","date_gmt":"2025-11-14T15:52:04","guid":{"rendered":"https:\/\/www.ernstbrunn-apotheke.at\/katalog\/produkt\/vichy-capital-soleil-beta-carotin-spray-lsf-30\/"},"modified":"2025-12-09T10:27:12","modified_gmt":"2025-12-09T09:27:12","slug":"vichy-capital-soleil-beta-carotin-spray-lsf-30","status":"publish","type":"product","link":"https:\/\/www.ernstbrunn-apotheke.at\/katalog\/produkt\/vichy-capital-soleil-beta-carotin-spray-lsf-30\/","title":{"rendered":"VICHY Capital Soleil Beta Carotin Spray LSF 30"},"content":{"rendered":"<p>VICHY Ideal Soleil Beta Carotin Spray LSF30 besticht durch seinen hohen Schutz und seiner extrem frischen und leichten Textur. Die ultra-leichte Textur enth\u00e4lt au\u00dferdem Beta-Carotin und wirkt br\u00e4unungsintensivierend. Der Sonnenschutz wurde unter dermatologischer Aufsicht an empfindlicher Haut getestet und sch\u00fctzt die Haut vor Sonnenbr\u00e4nden und Photoalterungen.<\/p>\n","protected":false},"excerpt":{"rendered":"<p>VICHY Ideal Soleil Beta Carotin Spray LSF30 besticht durch seinen hohen Schutz und seiner extrem frischen und leichten Textur. Die ultra-leichte Textur enth\u00e4lt au\u00dferdem Beta-Carotin und wirkt br\u00e4unungsintensivierend. Der Sonnenschutz wurde unter dermatologischer Aufsicht an empfindlicher Haut getestet und sch\u00fctzt die Haut vor Sonnenbr\u00e4nden und Photoalterungen.<\/p>\n","protected":false},"featured_media":136090,"template":"","meta":{"_acf_changed":false},"product_brand":[675],"product_cat":[799],"product_tag":[],"class_list":{"0":"post-136088","1":"product","2":"type-product","3":"status-publish","4":"has-post-thumbnail","6":"product_brand-vichy","7":"product_cat-v","8":"pa_packungsgroesse-200ml","10":"first","11":"instock","12":"shipping-taxable","13":"purchasable","14":"product-type-simple"},"acf":[],"_links":{"self":[{"href":"https:\/\/www.ernstbrunn-apotheke.at\/katalog\/wp-json\/wp\/v2\/product\/136088","targetHints":{"allow":["GET"]}}],"collection":[{"href":"https:\/\/www.ernstbrunn-apotheke.at\/katalog\/wp-json\/wp\/v2\/product"}],"about":[{"href":"https:\/\/www.ernstbrunn-apotheke.at\/katalog\/wp-json\/wp\/v2\/types\/product"}],"wp:featuredmedia":[{"embeddable":true,"href":"https:\/\/www.ernstbrunn-apotheke.at\/katalog\/wp-json\/wp\/v2\/media\/136090"}],"wp:attachment":[{"href":"https:\/\/www.ernstbrunn-apotheke.at\/katalog\/wp-json\/wp\/v2\/media?parent=136088"}],"wp:term":[{"taxonomy":"product_brand","embeddable":true,"href":"https:\/\/www.ernstbrunn-apotheke.at\/katalog\/wp-json\/wp\/v2\/product_brand?post=136088"},{"taxonomy":"product_cat","embeddable":true,"href":"https:\/\/www.ernstbrunn-apotheke.at\/katalog\/wp-json\/wp\/v2\/product_cat?post=136088"},{"taxonomy":"product_tag","embeddable":true,"href":"https:\/\/www.ernstbrunn-apotheke.at\/katalog\/wp-json\/wp\/v2\/product_tag?post=136088"}],"curies":[{"name":"wp","href":"https:\/\/api.w.org\/{rel}","templated":true}]}}