{"id":13593,"date":"2025-11-07T15:09:15","date_gmt":"2025-11-07T14:09:15","guid":{"rendered":"https:\/\/www.ernstbrunn-apotheke.at\/katalog\/produkt\/bios-msm-500-mg-kapseln\/"},"modified":"2025-12-08T13:35:58","modified_gmt":"2025-12-08T12:35:58","slug":"bios-msm-500-mg-kapseln","status":"publish","type":"product","link":"https:\/\/www.ernstbrunn-apotheke.at\/katalog\/produkt\/bios-msm-500-mg-kapseln\/","title":{"rendered":"Bios MSM 500 mg Kapseln"},"content":{"rendered":"<p>Bios MSM 500 mg Kapseln enthalten 500 mg Methyl-Sulfonyl-Methan in einer Hartgelatinekapsel. MSM ist ein nat\u00fcrlich vorkommender N\u00e4hrstoff, der vorwiegend in Pflanzen, Fleisch, Eiern, Gefl\u00fcgel und Milchprodukten vorkommt. MSM ist eine Schwefelverbindung und stellt eine biologisch verwertbare Form von Schwefel dar.<\/p>\n","protected":false},"excerpt":{"rendered":"<p>Bios MSM 500 mg Kapseln enthalten 500 mg Methyl-Sulfonyl-Methan in einer Hartgelatinekapsel. MSM ist ein nat\u00fcrlich vorkommender N\u00e4hrstoff, der vorwiegend in Pflanzen, Fleisch, Eiern, Gefl\u00fcgel und Milchprodukten vorkommt. MSM ist eine Schwefelverbindung und stellt eine biologisch verwertbare Form von Schwefel dar.<\/p>\n","protected":false},"featured_media":13595,"template":"","meta":{"_acf_changed":false},"product_brand":[],"product_cat":[802],"product_tag":[],"class_list":{"0":"post-13593","1":"product","2":"type-product","3":"status-publish","4":"has-post-thumbnail","6":"product_cat-b","7":"pa_packungsgroesse-100-stueck","9":"first","10":"instock","11":"shipping-taxable","12":"purchasable","13":"product-type-simple"},"acf":[],"_links":{"self":[{"href":"https:\/\/www.ernstbrunn-apotheke.at\/katalog\/wp-json\/wp\/v2\/product\/13593","targetHints":{"allow":["GET"]}}],"collection":[{"href":"https:\/\/www.ernstbrunn-apotheke.at\/katalog\/wp-json\/wp\/v2\/product"}],"about":[{"href":"https:\/\/www.ernstbrunn-apotheke.at\/katalog\/wp-json\/wp\/v2\/types\/product"}],"wp:featuredmedia":[{"embeddable":true,"href":"https:\/\/www.ernstbrunn-apotheke.at\/katalog\/wp-json\/wp\/v2\/media\/13595"}],"wp:attachment":[{"href":"https:\/\/www.ernstbrunn-apotheke.at\/katalog\/wp-json\/wp\/v2\/media?parent=13593"}],"wp:term":[{"taxonomy":"product_brand","embeddable":true,"href":"https:\/\/www.ernstbrunn-apotheke.at\/katalog\/wp-json\/wp\/v2\/product_brand?post=13593"},{"taxonomy":"product_cat","embeddable":true,"href":"https:\/\/www.ernstbrunn-apotheke.at\/katalog\/wp-json\/wp\/v2\/product_cat?post=13593"},{"taxonomy":"product_tag","embeddable":true,"href":"https:\/\/www.ernstbrunn-apotheke.at\/katalog\/wp-json\/wp\/v2\/product_tag?post=13593"}],"curies":[{"name":"wp","href":"https:\/\/api.w.org\/{rel}","templated":true}]}}