{"id":13573,"date":"2025-11-07T15:09:15","date_gmt":"2025-11-07T14:09:15","guid":{"rendered":"https:\/\/www.ernstbrunn-apotheke.at\/katalog\/produkt\/lyprinol-kapseln-180-stk\/"},"modified":"2025-12-08T13:35:56","modified_gmt":"2025-12-08T12:35:56","slug":"lyprinol-kapseln-180-stk","status":"publish","type":"product","link":"https:\/\/www.ernstbrunn-apotheke.at\/katalog\/produkt\/lyprinol-kapseln-180-stk\/","title":{"rendered":"Lyprinol Kapseln 180 Stk."},"content":{"rendered":"<p>Lyprinol\u00ae ist ein nat\u00fcrliches Produkt zur di\u00e4tetischen Behandlung von entz\u00fcndlich rheumatischen Gelenkbeschwerden wie Schwellungen, Schmerzen und Steifigkeit \u2013 jetzt auf Rechnung bestellen und bares Geld sparen!<\/p>\n","protected":false},"excerpt":{"rendered":"<p>Lyprinol\u00ae ist ein nat\u00fcrliches Produkt zur di\u00e4tetischen Behandlung von entz\u00fcndlich rheumatischen Gelenkbeschwerden wie Schwellungen, Schmerzen und Steifigkeit \u2013 jetzt auf Rechnung bestellen und bares Geld sparen!<\/p>\n","protected":false},"featured_media":13575,"template":"","meta":{"_acf_changed":false},"product_brand":[],"product_cat":[795],"product_tag":[],"class_list":{"0":"post-13573","1":"product","2":"type-product","3":"status-publish","4":"has-post-thumbnail","6":"product_cat-l","7":"pa_packungsgroesse-180-stueck","9":"first","10":"instock","11":"shipping-taxable","12":"purchasable","13":"product-type-simple"},"acf":[],"_links":{"self":[{"href":"https:\/\/www.ernstbrunn-apotheke.at\/katalog\/wp-json\/wp\/v2\/product\/13573","targetHints":{"allow":["GET"]}}],"collection":[{"href":"https:\/\/www.ernstbrunn-apotheke.at\/katalog\/wp-json\/wp\/v2\/product"}],"about":[{"href":"https:\/\/www.ernstbrunn-apotheke.at\/katalog\/wp-json\/wp\/v2\/types\/product"}],"wp:featuredmedia":[{"embeddable":true,"href":"https:\/\/www.ernstbrunn-apotheke.at\/katalog\/wp-json\/wp\/v2\/media\/13575"}],"wp:attachment":[{"href":"https:\/\/www.ernstbrunn-apotheke.at\/katalog\/wp-json\/wp\/v2\/media?parent=13573"}],"wp:term":[{"taxonomy":"product_brand","embeddable":true,"href":"https:\/\/www.ernstbrunn-apotheke.at\/katalog\/wp-json\/wp\/v2\/product_brand?post=13573"},{"taxonomy":"product_cat","embeddable":true,"href":"https:\/\/www.ernstbrunn-apotheke.at\/katalog\/wp-json\/wp\/v2\/product_cat?post=13573"},{"taxonomy":"product_tag","embeddable":true,"href":"https:\/\/www.ernstbrunn-apotheke.at\/katalog\/wp-json\/wp\/v2\/product_tag?post=13573"}],"curies":[{"name":"wp","href":"https:\/\/api.w.org\/{rel}","templated":true}]}}