{"id":135686,"date":"2025-11-14T16:43:37","date_gmt":"2025-11-14T15:43:37","guid":{"rendered":""},"modified":"2025-12-09T10:25:43","modified_gmt":"2025-12-09T09:25:43","slug":"tg-soft-polsterschlauchverband-aus-baumwolle-und-elasthan-zur-polsterung-weich-und-hoch-dehnbarer-polsterschlauchverband-unter-stuetzverbaenden-ungebleicht-10m-rolle-groesse-m-fuer-unterschenkle","status":"publish","type":"product","link":"https:\/\/www.ernstbrunn-apotheke.at\/katalog\/produkt\/tg-soft-polsterschlauchverband-aus-baumwolle-und-elasthan-zur-polsterung-weich-und-hoch-dehnbarer-polsterschlauchverband-unter-stuetzverbaenden-ungebleicht-10m-rolle-groesse-m-fuer-unterschenkle\/","title":{"rendered":"TG-soft Polsterschlauchverband &#8211; aus Baumwolle und Elasthan zur Polsterung, weich und hoch dehnbarer Polsterschlauchverband unter St\u00fctzverb\u00e4nden, ungebleicht, 10m Rolle, Gr\u00f6\u00dfe M f\u00fcr Unterschenkle\/Arm, 9cm"},"content":{"rendered":"","protected":false},"excerpt":{"rendered":"","protected":false},"featured_media":0,"template":"","meta":{"_acf_changed":false},"product_brand":[],"product_cat":[798],"product_tag":[],"class_list":{"0":"post-135686","1":"product","2":"type-product","3":"status-publish","5":"product_cat-t","6":"pa_packungsgroesse-1321","8":"first","9":"instock","10":"shipping-taxable","11":"purchasable","12":"product-type-simple"},"acf":[],"_links":{"self":[{"href":"https:\/\/www.ernstbrunn-apotheke.at\/katalog\/wp-json\/wp\/v2\/product\/135686","targetHints":{"allow":["GET"]}}],"collection":[{"href":"https:\/\/www.ernstbrunn-apotheke.at\/katalog\/wp-json\/wp\/v2\/product"}],"about":[{"href":"https:\/\/www.ernstbrunn-apotheke.at\/katalog\/wp-json\/wp\/v2\/types\/product"}],"wp:attachment":[{"href":"https:\/\/www.ernstbrunn-apotheke.at\/katalog\/wp-json\/wp\/v2\/media?parent=135686"}],"wp:term":[{"taxonomy":"product_brand","embeddable":true,"href":"https:\/\/www.ernstbrunn-apotheke.at\/katalog\/wp-json\/wp\/v2\/product_brand?post=135686"},{"taxonomy":"product_cat","embeddable":true,"href":"https:\/\/www.ernstbrunn-apotheke.at\/katalog\/wp-json\/wp\/v2\/product_cat?post=135686"},{"taxonomy":"product_tag","embeddable":true,"href":"https:\/\/www.ernstbrunn-apotheke.at\/katalog\/wp-json\/wp\/v2\/product_tag?post=135686"}],"curies":[{"name":"wp","href":"https:\/\/api.w.org\/{rel}","templated":true}]}}