{"id":135620,"date":"2025-11-14T16:16:38","date_gmt":"2025-11-14T15:16:38","guid":{"rendered":"https:\/\/www.ernstbrunn-apotheke.at\/katalog\/produkt\/tena-discreet-einlagen-extra-20-stk\/"},"modified":"2025-12-09T10:25:26","modified_gmt":"2025-12-09T09:25:26","slug":"tena-discreet-einlagen-extra-20-stk","status":"publish","type":"product","link":"https:\/\/www.ernstbrunn-apotheke.at\/katalog\/produkt\/tena-discreet-einlagen-extra-20-stk\/","title":{"rendered":"Tena discreet Einlagen Extra 20 Stk."},"content":{"rendered":"<p>Die starken Binden mit effizientem Saugkern nehmen Urin sicher auf und speichern ihn zuverl\u00e4ssig im Kerninneren. F\u00fcr langanhaltende Frische sorgt der spezielle Geruchsbinder, der unangenehme Ger\u00fcche schnell neutralisiert und einschlie\u00dft.\u00a0Bei diesem Artikel handelt es sich um ein Medizinprodukt. \u00dcber Wirkung und m\u00f6gliche unerw\u00fcnschte Nebenwirkungen informieren Gebrauchsinformation, Arzt oder Apotheker.\u00a0.<\/p>\n","protected":false},"excerpt":{"rendered":"<p>Die starken Binden mit effizientem Saugkern nehmen Urin sicher auf und speichern ihn zuverl\u00e4ssig im Kerninneren. F\u00fcr langanhaltende Frische sorgt der spezielle Geruchsbinder, der unangenehme Ger\u00fcche schnell neutralisiert und einschlie\u00dft.\u00a0Bei diesem Artikel handelt es sich um ein Medizinprodukt. \u00dcber Wirkung und m\u00f6gliche unerw\u00fcnschte Nebenwirkungen informieren Gebrauchsinformation, Arzt oder Apotheker.\u00a0.<\/p>\n","protected":false},"featured_media":135622,"template":"","meta":{"_acf_changed":false},"product_brand":[970],"product_cat":[798],"product_tag":[],"class_list":{"0":"post-135620","1":"product","2":"type-product","3":"status-publish","4":"has-post-thumbnail","6":"product_brand-tena","7":"product_cat-t","8":"pa_packungsgroesse-20-stueck","10":"first","11":"instock","12":"shipping-taxable","13":"purchasable","14":"product-type-simple"},"acf":[],"_links":{"self":[{"href":"https:\/\/www.ernstbrunn-apotheke.at\/katalog\/wp-json\/wp\/v2\/product\/135620","targetHints":{"allow":["GET"]}}],"collection":[{"href":"https:\/\/www.ernstbrunn-apotheke.at\/katalog\/wp-json\/wp\/v2\/product"}],"about":[{"href":"https:\/\/www.ernstbrunn-apotheke.at\/katalog\/wp-json\/wp\/v2\/types\/product"}],"wp:featuredmedia":[{"embeddable":true,"href":"https:\/\/www.ernstbrunn-apotheke.at\/katalog\/wp-json\/wp\/v2\/media\/135622"}],"wp:attachment":[{"href":"https:\/\/www.ernstbrunn-apotheke.at\/katalog\/wp-json\/wp\/v2\/media?parent=135620"}],"wp:term":[{"taxonomy":"product_brand","embeddable":true,"href":"https:\/\/www.ernstbrunn-apotheke.at\/katalog\/wp-json\/wp\/v2\/product_brand?post=135620"},{"taxonomy":"product_cat","embeddable":true,"href":"https:\/\/www.ernstbrunn-apotheke.at\/katalog\/wp-json\/wp\/v2\/product_cat?post=135620"},{"taxonomy":"product_tag","embeddable":true,"href":"https:\/\/www.ernstbrunn-apotheke.at\/katalog\/wp-json\/wp\/v2\/product_tag?post=135620"}],"curies":[{"name":"wp","href":"https:\/\/api.w.org\/{rel}","templated":true}]}}