{"id":135616,"date":"2025-11-14T16:16:14","date_gmt":"2025-11-14T15:16:14","guid":{"rendered":"https:\/\/www.ernstbrunn-apotheke.at\/katalog\/produkt\/tena-discreet-ultra-mini-28-stk\/"},"modified":"2025-12-09T10:25:24","modified_gmt":"2025-12-09T09:25:24","slug":"tena-discreet-ultra-mini-28-stk","status":"publish","type":"product","link":"https:\/\/www.ernstbrunn-apotheke.at\/katalog\/produkt\/tena-discreet-ultra-mini-28-stk\/","title":{"rendered":"Tena Discreet Ultra Mini 28 Stk."},"content":{"rendered":"<p>Tena Discreet Ultra Mini schafft Abhilfe bei leichter Blasenschw\u00e4che, sowie gelegentlichem Tr\u00f6pfeln. Die Inkontinenzeinlagen sind ultrad\u00fcnn und trotzdem besonders saugf\u00e4hig.<\/p>\n","protected":false},"excerpt":{"rendered":"<p>Tena Discreet Ultra Mini schafft Abhilfe bei leichter Blasenschw\u00e4che, sowie gelegentlichem Tr\u00f6pfeln. Die Inkontinenzeinlagen sind ultrad\u00fcnn und trotzdem besonders saugf\u00e4hig.<\/p>\n","protected":false},"featured_media":0,"template":"","meta":{"_acf_changed":false},"product_brand":[970],"product_cat":[798],"product_tag":[],"class_list":{"0":"post-135616","1":"product","2":"type-product","3":"status-publish","5":"product_brand-tena","6":"product_cat-t","7":"pa_packungsgroesse-28-stueck","9":"first","10":"instock","11":"shipping-taxable","12":"purchasable","13":"product-type-simple"},"acf":[],"_links":{"self":[{"href":"https:\/\/www.ernstbrunn-apotheke.at\/katalog\/wp-json\/wp\/v2\/product\/135616","targetHints":{"allow":["GET"]}}],"collection":[{"href":"https:\/\/www.ernstbrunn-apotheke.at\/katalog\/wp-json\/wp\/v2\/product"}],"about":[{"href":"https:\/\/www.ernstbrunn-apotheke.at\/katalog\/wp-json\/wp\/v2\/types\/product"}],"wp:attachment":[{"href":"https:\/\/www.ernstbrunn-apotheke.at\/katalog\/wp-json\/wp\/v2\/media?parent=135616"}],"wp:term":[{"taxonomy":"product_brand","embeddable":true,"href":"https:\/\/www.ernstbrunn-apotheke.at\/katalog\/wp-json\/wp\/v2\/product_brand?post=135616"},{"taxonomy":"product_cat","embeddable":true,"href":"https:\/\/www.ernstbrunn-apotheke.at\/katalog\/wp-json\/wp\/v2\/product_cat?post=135616"},{"taxonomy":"product_tag","embeddable":true,"href":"https:\/\/www.ernstbrunn-apotheke.at\/katalog\/wp-json\/wp\/v2\/product_tag?post=135616"}],"curies":[{"name":"wp","href":"https:\/\/api.w.org\/{rel}","templated":true}]}}