{"id":135606,"date":"2025-11-14T16:16:14","date_gmt":"2025-11-14T15:16:14","guid":{"rendered":"https:\/\/www.ernstbrunn-apotheke.at\/katalog\/produkt\/tena-discreet-mini-magic-34-stk\/"},"modified":"2025-12-09T10:25:24","modified_gmt":"2025-12-09T09:25:24","slug":"tena-discreet-mini-magic-34-stk","status":"publish","type":"product","link":"https:\/\/www.ernstbrunn-apotheke.at\/katalog\/produkt\/tena-discreet-mini-magic-34-stk\/","title":{"rendered":"Tena Discreet Mini Magic 34 Stk."},"content":{"rendered":"<p>Tena Discreet Mini Magic bietet trotz ihrer minimalen Gr\u00f6\u00dfe sicheren Schutz sowohl bei mittlerer Blasenschw\u00e4che und leichtem Harnverlust, als auch gelegentlichen Tr\u00f6pfchen. Diskret und sicher.<\/p>\n","protected":false},"excerpt":{"rendered":"<p>Tena Discreet Mini Magic bietet trotz ihrer minimalen Gr\u00f6\u00dfe sicheren Schutz sowohl bei mittlerer Blasenschw\u00e4che und leichtem Harnverlust, als auch gelegentlichen Tr\u00f6pfchen. Diskret und sicher.<\/p>\n","protected":false},"featured_media":135608,"template":"","meta":{"_acf_changed":false},"product_brand":[970],"product_cat":[798],"product_tag":[],"class_list":{"0":"post-135606","1":"product","2":"type-product","3":"status-publish","4":"has-post-thumbnail","6":"product_brand-tena","7":"product_cat-t","8":"pa_packungsgroesse-34-stueck","10":"first","11":"instock","12":"shipping-taxable","13":"purchasable","14":"product-type-simple"},"acf":[],"_links":{"self":[{"href":"https:\/\/www.ernstbrunn-apotheke.at\/katalog\/wp-json\/wp\/v2\/product\/135606","targetHints":{"allow":["GET"]}}],"collection":[{"href":"https:\/\/www.ernstbrunn-apotheke.at\/katalog\/wp-json\/wp\/v2\/product"}],"about":[{"href":"https:\/\/www.ernstbrunn-apotheke.at\/katalog\/wp-json\/wp\/v2\/types\/product"}],"wp:featuredmedia":[{"embeddable":true,"href":"https:\/\/www.ernstbrunn-apotheke.at\/katalog\/wp-json\/wp\/v2\/media\/135608"}],"wp:attachment":[{"href":"https:\/\/www.ernstbrunn-apotheke.at\/katalog\/wp-json\/wp\/v2\/media?parent=135606"}],"wp:term":[{"taxonomy":"product_brand","embeddable":true,"href":"https:\/\/www.ernstbrunn-apotheke.at\/katalog\/wp-json\/wp\/v2\/product_brand?post=135606"},{"taxonomy":"product_cat","embeddable":true,"href":"https:\/\/www.ernstbrunn-apotheke.at\/katalog\/wp-json\/wp\/v2\/product_cat?post=135606"},{"taxonomy":"product_tag","embeddable":true,"href":"https:\/\/www.ernstbrunn-apotheke.at\/katalog\/wp-json\/wp\/v2\/product_tag?post=135606"}],"curies":[{"name":"wp","href":"https:\/\/api.w.org\/{rel}","templated":true}]}}