{"id":135416,"date":"2025-11-14T16:11:39","date_gmt":"2025-11-14T15:11:39","guid":{"rendered":"https:\/\/www.ernstbrunn-apotheke.at\/katalog\/produkt\/tandex-flexi-interdental-buersten-6-stk-tuerkis\/"},"modified":"2025-12-09T10:24:45","modified_gmt":"2025-12-09T09:24:45","slug":"tandex-flexi-interdental-buersten-6-stk-tuerkis","status":"publish","type":"product","link":"https:\/\/www.ernstbrunn-apotheke.at\/katalog\/produkt\/tandex-flexi-interdental-buersten-6-stk-tuerkis\/","title":{"rendered":"Tandex Flexi Interdental-B\u00fcrsten 6 Stk. T\u00fcrkis"},"content":{"rendered":"<p>Tandex Flexi Interdental-B\u00fcrsten ist eine Zahnzwischenraumb\u00fcrste mit weichem, ergonomisch geformten NON-SLIP-Griff. Dadurch wird eine sichere F\u00fchrung des B\u00fcrstchens auch bei nassen Fingern m\u00f6glich.<\/p>\n","protected":false},"excerpt":{"rendered":"<p>Tandex Flexi Interdental-B\u00fcrsten ist eine Zahnzwischenraumb\u00fcrste mit weichem, ergonomisch geformten NON-SLIP-Griff. Dadurch wird eine sichere F\u00fchrung des B\u00fcrstchens auch bei nassen Fingern m\u00f6glich.<\/p>\n","protected":false},"featured_media":0,"template":"","meta":{"_acf_changed":false},"product_brand":[],"product_cat":[798],"product_tag":[],"class_list":{"0":"post-135416","1":"product","2":"type-product","3":"status-publish","5":"product_cat-t","6":"pa_packungsgroesse-6-stueck","8":"first","9":"instock","10":"shipping-taxable","11":"purchasable","12":"product-type-simple"},"acf":[],"_links":{"self":[{"href":"https:\/\/www.ernstbrunn-apotheke.at\/katalog\/wp-json\/wp\/v2\/product\/135416","targetHints":{"allow":["GET"]}}],"collection":[{"href":"https:\/\/www.ernstbrunn-apotheke.at\/katalog\/wp-json\/wp\/v2\/product"}],"about":[{"href":"https:\/\/www.ernstbrunn-apotheke.at\/katalog\/wp-json\/wp\/v2\/types\/product"}],"wp:attachment":[{"href":"https:\/\/www.ernstbrunn-apotheke.at\/katalog\/wp-json\/wp\/v2\/media?parent=135416"}],"wp:term":[{"taxonomy":"product_brand","embeddable":true,"href":"https:\/\/www.ernstbrunn-apotheke.at\/katalog\/wp-json\/wp\/v2\/product_brand?post=135416"},{"taxonomy":"product_cat","embeddable":true,"href":"https:\/\/www.ernstbrunn-apotheke.at\/katalog\/wp-json\/wp\/v2\/product_cat?post=135416"},{"taxonomy":"product_tag","embeddable":true,"href":"https:\/\/www.ernstbrunn-apotheke.at\/katalog\/wp-json\/wp\/v2\/product_tag?post=135416"}],"curies":[{"name":"wp","href":"https:\/\/api.w.org\/{rel}","templated":true}]}}