{"id":135364,"date":"2025-11-14T16:09:43","date_gmt":"2025-11-14T15:09:43","guid":{"rendered":"https:\/\/www.ernstbrunn-apotheke.at\/katalog\/produkt\/vichy-dermablend-teint-korrigierendes-make-up-30-beige-30-ml\/"},"modified":"2025-12-09T10:24:32","modified_gmt":"2025-12-09T09:24:32","slug":"vichy-dermablend-teint-korrigierendes-make-up-30-beige-30-ml","status":"publish","type":"product","link":"https:\/\/www.ernstbrunn-apotheke.at\/katalog\/produkt\/vichy-dermablend-teint-korrigierendes-make-up-30-beige-30-ml\/","title":{"rendered":"VICHY Dermablend Teint-korrigierendes Make-Up 30 Beige 30 ml"},"content":{"rendered":"<p>VICHY Dermablend Teint-korrigierendes Make-Up 30 Beige ist ideal zum Abdecken von leichten Hautunregelm\u00e4\u00dfigkeiten wie R\u00f6tungen, Mitessern, Augenringen, geplatzten \u00c4derchen oder kleinen Narben.<\/p>\n","protected":false},"excerpt":{"rendered":"<p>VICHY Dermablend Teint-korrigierendes Make-Up 30 Beige ist ideal zum Abdecken von leichten Hautunregelm\u00e4\u00dfigkeiten wie R\u00f6tungen, Mitessern, Augenringen, geplatzten \u00c4derchen oder kleinen Narben.<\/p>\n","protected":false},"featured_media":135366,"template":"","meta":{"_acf_changed":false},"product_brand":[675],"product_cat":[799],"product_tag":[],"class_list":{"0":"post-135364","1":"product","2":"type-product","3":"status-publish","4":"has-post-thumbnail","6":"product_brand-vichy","7":"product_cat-v","8":"pa_packungsgroesse-30ml","10":"first","11":"instock","12":"shipping-taxable","13":"purchasable","14":"product-type-simple"},"acf":[],"_links":{"self":[{"href":"https:\/\/www.ernstbrunn-apotheke.at\/katalog\/wp-json\/wp\/v2\/product\/135364","targetHints":{"allow":["GET"]}}],"collection":[{"href":"https:\/\/www.ernstbrunn-apotheke.at\/katalog\/wp-json\/wp\/v2\/product"}],"about":[{"href":"https:\/\/www.ernstbrunn-apotheke.at\/katalog\/wp-json\/wp\/v2\/types\/product"}],"wp:featuredmedia":[{"embeddable":true,"href":"https:\/\/www.ernstbrunn-apotheke.at\/katalog\/wp-json\/wp\/v2\/media\/135366"}],"wp:attachment":[{"href":"https:\/\/www.ernstbrunn-apotheke.at\/katalog\/wp-json\/wp\/v2\/media?parent=135364"}],"wp:term":[{"taxonomy":"product_brand","embeddable":true,"href":"https:\/\/www.ernstbrunn-apotheke.at\/katalog\/wp-json\/wp\/v2\/product_brand?post=135364"},{"taxonomy":"product_cat","embeddable":true,"href":"https:\/\/www.ernstbrunn-apotheke.at\/katalog\/wp-json\/wp\/v2\/product_cat?post=135364"},{"taxonomy":"product_tag","embeddable":true,"href":"https:\/\/www.ernstbrunn-apotheke.at\/katalog\/wp-json\/wp\/v2\/product_tag?post=135364"}],"curies":[{"name":"wp","href":"https:\/\/api.w.org\/{rel}","templated":true}]}}