{"id":135331,"date":"2025-11-14T16:08:42","date_gmt":"2025-11-14T15:08:42","guid":{"rendered":"https:\/\/www.ernstbrunn-apotheke.at\/katalog\/produkt\/vichy-capital-soleil-multi-protect-spray-lsf-50-200-ml\/"},"modified":"2025-12-09T10:24:28","modified_gmt":"2025-12-09T09:24:28","slug":"vichy-capital-soleil-multi-protect-spray-lsf-50-200-ml","status":"publish","type":"product","link":"https:\/\/www.ernstbrunn-apotheke.at\/katalog\/produkt\/vichy-capital-soleil-multi-protect-spray-lsf-50-200-ml\/","title":{"rendered":"VICHY Capital Soleil Multi Protect Spray LSF 50+ 200 ml"},"content":{"rendered":"<p>VICHY Capital Soleil Multi Protect LSF50+ mit ihrer leichten Textur l\u00e4sst sich gut auf die Haut auftragen und bietet hohen Schutz, selbst bei Sand-Kontakt. Der Sonnenschutz wurde unter dermatologischer Aufsicht an empfindlicher Haut getestet und einet sich sowohl f\u00fcr das Gesicht, als auch f\u00fcr den K\u00f6rper.<\/p>\n","protected":false},"excerpt":{"rendered":"<p>VICHY Capital Soleil Multi Protect LSF50+ mit ihrer leichten Textur l\u00e4sst sich gut auf die Haut auftragen und bietet hohen Schutz, selbst bei Sand-Kontakt. Der Sonnenschutz wurde unter dermatologischer Aufsicht an empfindlicher Haut getestet und einet sich sowohl f\u00fcr das Gesicht, als auch f\u00fcr den K\u00f6rper.<\/p>\n","protected":false},"featured_media":135333,"template":"","meta":{"_acf_changed":false},"product_brand":[675],"product_cat":[799],"product_tag":[],"class_list":{"0":"post-135331","1":"product","2":"type-product","3":"status-publish","4":"has-post-thumbnail","6":"product_brand-vichy","7":"product_cat-v","8":"pa_packungsgroesse-200ml","10":"first","11":"instock","12":"shipping-taxable","13":"purchasable","14":"product-type-simple"},"acf":[],"_links":{"self":[{"href":"https:\/\/www.ernstbrunn-apotheke.at\/katalog\/wp-json\/wp\/v2\/product\/135331","targetHints":{"allow":["GET"]}}],"collection":[{"href":"https:\/\/www.ernstbrunn-apotheke.at\/katalog\/wp-json\/wp\/v2\/product"}],"about":[{"href":"https:\/\/www.ernstbrunn-apotheke.at\/katalog\/wp-json\/wp\/v2\/types\/product"}],"wp:featuredmedia":[{"embeddable":true,"href":"https:\/\/www.ernstbrunn-apotheke.at\/katalog\/wp-json\/wp\/v2\/media\/135333"}],"wp:attachment":[{"href":"https:\/\/www.ernstbrunn-apotheke.at\/katalog\/wp-json\/wp\/v2\/media?parent=135331"}],"wp:term":[{"taxonomy":"product_brand","embeddable":true,"href":"https:\/\/www.ernstbrunn-apotheke.at\/katalog\/wp-json\/wp\/v2\/product_brand?post=135331"},{"taxonomy":"product_cat","embeddable":true,"href":"https:\/\/www.ernstbrunn-apotheke.at\/katalog\/wp-json\/wp\/v2\/product_cat?post=135331"},{"taxonomy":"product_tag","embeddable":true,"href":"https:\/\/www.ernstbrunn-apotheke.at\/katalog\/wp-json\/wp\/v2\/product_tag?post=135331"}],"curies":[{"name":"wp","href":"https:\/\/api.w.org\/{rel}","templated":true}]}}