{"id":13532,"date":"2025-11-07T15:08:39","date_gmt":"2025-11-07T14:08:39","guid":{"rendered":"https:\/\/www.ernstbrunn-apotheke.at\/katalog\/produkt\/arthrobonum-kapseln-120-stk\/"},"modified":"2025-12-08T13:35:50","modified_gmt":"2025-12-08T12:35:50","slug":"arthrobonum-kapseln-120-stk","status":"publish","type":"product","link":"https:\/\/www.ernstbrunn-apotheke.at\/katalog\/produkt\/arthrobonum-kapseln-120-stk\/","title":{"rendered":"Arthrobonum Kapseln 120 Stk."},"content":{"rendered":"<p>Gelenke m\u00fcssen im Laufe des Lebens h\u00f6chsten Belastungen standhalten. Oft ist die Abnutzung gr\u00f6\u00dfer als die Regenerationsf\u00e4higkeit. Arthrobonum\u00ae enth\u00e4lt wichtige knorpelaktive Stoffe* zum optimalen Aufbau der Knorpelgrundsubstanz und zur physiologischen Steuerung des Wasserhaushaltes des Knorpels.<\/p>\n","protected":false},"excerpt":{"rendered":"<p>Gelenke m\u00fcssen im Laufe des Lebens h\u00f6chsten Belastungen standhalten. Oft ist die Abnutzung gr\u00f6\u00dfer als die Regenerationsf\u00e4higkeit. Arthrobonum\u00ae enth\u00e4lt wichtige knorpelaktive Stoffe* zum optimalen Aufbau der Knorpelgrundsubstanz und zur physiologischen Steuerung des Wasserhaushaltes des Knorpels.<\/p>\n","protected":false},"featured_media":0,"template":"","meta":{"_acf_changed":false},"product_brand":[],"product_cat":[801],"product_tag":[],"class_list":{"0":"post-13532","1":"product","2":"type-product","3":"status-publish","5":"product_cat-a","6":"pa_packungsgroesse-120-stueck","8":"first","9":"instock","10":"shipping-taxable","11":"purchasable","12":"product-type-simple"},"acf":[],"_links":{"self":[{"href":"https:\/\/www.ernstbrunn-apotheke.at\/katalog\/wp-json\/wp\/v2\/product\/13532","targetHints":{"allow":["GET"]}}],"collection":[{"href":"https:\/\/www.ernstbrunn-apotheke.at\/katalog\/wp-json\/wp\/v2\/product"}],"about":[{"href":"https:\/\/www.ernstbrunn-apotheke.at\/katalog\/wp-json\/wp\/v2\/types\/product"}],"wp:attachment":[{"href":"https:\/\/www.ernstbrunn-apotheke.at\/katalog\/wp-json\/wp\/v2\/media?parent=13532"}],"wp:term":[{"taxonomy":"product_brand","embeddable":true,"href":"https:\/\/www.ernstbrunn-apotheke.at\/katalog\/wp-json\/wp\/v2\/product_brand?post=13532"},{"taxonomy":"product_cat","embeddable":true,"href":"https:\/\/www.ernstbrunn-apotheke.at\/katalog\/wp-json\/wp\/v2\/product_cat?post=13532"},{"taxonomy":"product_tag","embeddable":true,"href":"https:\/\/www.ernstbrunn-apotheke.at\/katalog\/wp-json\/wp\/v2\/product_tag?post=13532"}],"curies":[{"name":"wp","href":"https:\/\/api.w.org\/{rel}","templated":true}]}}