{"id":135208,"date":"2025-11-14T16:05:17","date_gmt":"2025-11-14T15:05:17","guid":{"rendered":"https:\/\/www.ernstbrunn-apotheke.at\/katalog\/produkt\/gall-pharma-topinambur-250-g-pulver\/"},"modified":"2025-12-09T10:24:06","modified_gmt":"2025-12-09T09:24:06","slug":"gall-pharma-topinambur-250-g-pulver","status":"publish","type":"product","link":"https:\/\/www.ernstbrunn-apotheke.at\/katalog\/produkt\/gall-pharma-topinambur-250-g-pulver\/","title":{"rendered":"Gall Pharma Topinambur 250 g Pulver"},"content":{"rendered":"<p>Gall Pharma Topinambur ist besonders reich an Inulin, einem Ballaststoff, der das Hungergef\u00fchl d\u00e4mpft, ein S\u00e4ttigungsgef\u00fchl erzeugt und die Verdauung anregt. Durch die vielen weiteren nat\u00fcrlichen Inhaltsstoffe, wie Vitamine, Mineralstoffe und Spurenelemente, stellt Topinambur eine wertvolle Nahrungserg\u00e4nzung dar. Dieses Produkt erhalten Sie als Spray (50 ml) und als Pulver (250 g).<\/p>\n","protected":false},"excerpt":{"rendered":"<p>Gall Pharma Topinambur ist besonders reich an Inulin, einem Ballaststoff, der das Hungergef\u00fchl d\u00e4mpft, ein S\u00e4ttigungsgef\u00fchl erzeugt und die Verdauung anregt. Durch die vielen weiteren nat\u00fcrlichen Inhaltsstoffe, wie Vitamine, Mineralstoffe und Spurenelemente, stellt Topinambur eine wertvolle Nahrungserg\u00e4nzung dar. Dieses Produkt erhalten Sie als Spray (50 ml) und als Pulver (250 g).<\/p>\n","protected":false},"featured_media":135210,"template":"","meta":{"_acf_changed":false},"product_brand":[],"product_cat":[810],"product_tag":[],"class_list":{"0":"post-135208","1":"product","2":"type-product","3":"status-publish","4":"has-post-thumbnail","6":"product_cat-g","7":"pa_packungsgroesse-250g","9":"first","10":"instock","11":"shipping-taxable","12":"purchasable","13":"product-type-simple"},"acf":[],"_links":{"self":[{"href":"https:\/\/www.ernstbrunn-apotheke.at\/katalog\/wp-json\/wp\/v2\/product\/135208","targetHints":{"allow":["GET"]}}],"collection":[{"href":"https:\/\/www.ernstbrunn-apotheke.at\/katalog\/wp-json\/wp\/v2\/product"}],"about":[{"href":"https:\/\/www.ernstbrunn-apotheke.at\/katalog\/wp-json\/wp\/v2\/types\/product"}],"wp:featuredmedia":[{"embeddable":true,"href":"https:\/\/www.ernstbrunn-apotheke.at\/katalog\/wp-json\/wp\/v2\/media\/135210"}],"wp:attachment":[{"href":"https:\/\/www.ernstbrunn-apotheke.at\/katalog\/wp-json\/wp\/v2\/media?parent=135208"}],"wp:term":[{"taxonomy":"product_brand","embeddable":true,"href":"https:\/\/www.ernstbrunn-apotheke.at\/katalog\/wp-json\/wp\/v2\/product_brand?post=135208"},{"taxonomy":"product_cat","embeddable":true,"href":"https:\/\/www.ernstbrunn-apotheke.at\/katalog\/wp-json\/wp\/v2\/product_cat?post=135208"},{"taxonomy":"product_tag","embeddable":true,"href":"https:\/\/www.ernstbrunn-apotheke.at\/katalog\/wp-json\/wp\/v2\/product_tag?post=135208"}],"curies":[{"name":"wp","href":"https:\/\/api.w.org\/{rel}","templated":true}]}}