{"id":135169,"date":"2025-11-14T16:04:10","date_gmt":"2025-11-14T15:04:10","guid":{"rendered":"https:\/\/www.ernstbrunn-apotheke.at\/katalog\/produkt\/tiroler-nussoel-alpin-sonnencreme-lippenschutz-lsf-30-1-pkg\/"},"modified":"2025-12-09T10:24:01","modified_gmt":"2025-12-09T09:24:01","slug":"tiroler-nussoel-alpin-sonnencreme-lippenschutz-lsf-30-1-pkg","status":"publish","type":"product","link":"https:\/\/www.ernstbrunn-apotheke.at\/katalog\/produkt\/tiroler-nussoel-alpin-sonnencreme-lippenschutz-lsf-30-1-pkg\/","title":{"rendered":"Tiroler Nuss\u00f6l Alpin Sonnencreme &#038; Lippenschutz LSF 30 1 Pkg."},"content":{"rendered":"<p>Tiroler Nuss\u00f6l Alpin Sonnencreme &#038; Lippenschutz LSF 30 mit 20 ml Sonnencreme + 2 g Lippenschutz erf\u00fcllt alle Anforderungen, welche der Winter im Gebirge an die Haut stellt. Zu K\u00e4lte und Wind kommen eine erh\u00f6hte UV-Strahlung und reflektierender Schnee hinzu und erfordern einen gesteigerten Sonnenschutz.<\/p>\n","protected":false},"excerpt":{"rendered":"<p>Tiroler Nuss\u00f6l Alpin Sonnencreme &#038; Lippenschutz LSF 30 mit 20 ml Sonnencreme + 2 g Lippenschutz erf\u00fcllt alle Anforderungen, welche der Winter im Gebirge an die Haut stellt. Zu K\u00e4lte und Wind kommen eine erh\u00f6hte UV-Strahlung und reflektierender Schnee hinzu und erfordern einen gesteigerten Sonnenschutz.<\/p>\n","protected":false},"featured_media":135171,"template":"","meta":{"_acf_changed":false},"product_brand":[],"product_cat":[798],"product_tag":[],"class_list":{"0":"post-135169","1":"product","2":"type-product","3":"status-publish","4":"has-post-thumbnail","6":"product_cat-t","7":"pa_packungsgroesse-500","9":"first","10":"instock","11":"shipping-taxable","12":"purchasable","13":"product-type-simple"},"acf":[],"_links":{"self":[{"href":"https:\/\/www.ernstbrunn-apotheke.at\/katalog\/wp-json\/wp\/v2\/product\/135169","targetHints":{"allow":["GET"]}}],"collection":[{"href":"https:\/\/www.ernstbrunn-apotheke.at\/katalog\/wp-json\/wp\/v2\/product"}],"about":[{"href":"https:\/\/www.ernstbrunn-apotheke.at\/katalog\/wp-json\/wp\/v2\/types\/product"}],"wp:featuredmedia":[{"embeddable":true,"href":"https:\/\/www.ernstbrunn-apotheke.at\/katalog\/wp-json\/wp\/v2\/media\/135171"}],"wp:attachment":[{"href":"https:\/\/www.ernstbrunn-apotheke.at\/katalog\/wp-json\/wp\/v2\/media?parent=135169"}],"wp:term":[{"taxonomy":"product_brand","embeddable":true,"href":"https:\/\/www.ernstbrunn-apotheke.at\/katalog\/wp-json\/wp\/v2\/product_brand?post=135169"},{"taxonomy":"product_cat","embeddable":true,"href":"https:\/\/www.ernstbrunn-apotheke.at\/katalog\/wp-json\/wp\/v2\/product_cat?post=135169"},{"taxonomy":"product_tag","embeddable":true,"href":"https:\/\/www.ernstbrunn-apotheke.at\/katalog\/wp-json\/wp\/v2\/product_tag?post=135169"}],"curies":[{"name":"wp","href":"https:\/\/api.w.org\/{rel}","templated":true}]}}