{"id":135108,"date":"2025-11-14T16:02:26","date_gmt":"2025-11-14T15:02:26","guid":{"rendered":"https:\/\/www.ernstbrunn-apotheke.at\/katalog\/produkt\/tetesept-magnesium-500-b12-tabletten-30-stk\/"},"modified":"2025-12-09T10:23:52","modified_gmt":"2025-12-09T09:23:52","slug":"tetesept-magnesium-500-b12-tabletten-30-stk","status":"publish","type":"product","link":"https:\/\/www.ernstbrunn-apotheke.at\/katalog\/produkt\/tetesept-magnesium-500-b12-tabletten-30-stk\/","title":{"rendered":"tetesept Magnesium 500 + B12 Tabletten 30 Stk."},"content":{"rendered":"<p>tetesept Magnesium 500 + B12 Tabletten geh\u00f6ren zu den hochdosierten Nahrungserg\u00e4nzungsmitteln mit 500 mg Magnesium und 20 \u00b5g Vitamin B12. Sie dienen zur Unterst\u00fctzung der Muskeln und Nerven und Verringerung von M\u00fcdigkeit und wirken in zwei Phasen. Die Sofort-Phase gew\u00e4hrleistet eine schnelle Versorgung mit Magnesium in einer ersten Dosis, w\u00e4hrend die Depot-Phase die Inhalte \u00fcber mehrere Stunden abgibt und den K\u00f6rper langfristig versorgt.<\/p>\n","protected":false},"excerpt":{"rendered":"<p>tetesept Magnesium 500 + B12 Tabletten geh\u00f6ren zu den hochdosierten Nahrungserg\u00e4nzungsmitteln mit 500 mg Magnesium und 20 \u00b5g Vitamin B12. Sie dienen zur Unterst\u00fctzung der Muskeln und Nerven und Verringerung von M\u00fcdigkeit und wirken in zwei Phasen. Die Sofort-Phase gew\u00e4hrleistet eine schnelle Versorgung mit Magnesium in einer ersten Dosis, w\u00e4hrend die Depot-Phase die Inhalte \u00fcber [&hellip;]<\/p>\n","protected":false},"featured_media":135110,"template":"","meta":{"_acf_changed":false},"product_brand":[],"product_cat":[798],"product_tag":[],"class_list":{"0":"post-135108","1":"product","2":"type-product","3":"status-publish","4":"has-post-thumbnail","6":"product_cat-t","7":"pa_packungsgroesse-30-stueck","9":"first","10":"instock","11":"shipping-taxable","12":"purchasable","13":"product-type-simple"},"acf":[],"_links":{"self":[{"href":"https:\/\/www.ernstbrunn-apotheke.at\/katalog\/wp-json\/wp\/v2\/product\/135108","targetHints":{"allow":["GET"]}}],"collection":[{"href":"https:\/\/www.ernstbrunn-apotheke.at\/katalog\/wp-json\/wp\/v2\/product"}],"about":[{"href":"https:\/\/www.ernstbrunn-apotheke.at\/katalog\/wp-json\/wp\/v2\/types\/product"}],"wp:featuredmedia":[{"embeddable":true,"href":"https:\/\/www.ernstbrunn-apotheke.at\/katalog\/wp-json\/wp\/v2\/media\/135110"}],"wp:attachment":[{"href":"https:\/\/www.ernstbrunn-apotheke.at\/katalog\/wp-json\/wp\/v2\/media?parent=135108"}],"wp:term":[{"taxonomy":"product_brand","embeddable":true,"href":"https:\/\/www.ernstbrunn-apotheke.at\/katalog\/wp-json\/wp\/v2\/product_brand?post=135108"},{"taxonomy":"product_cat","embeddable":true,"href":"https:\/\/www.ernstbrunn-apotheke.at\/katalog\/wp-json\/wp\/v2\/product_cat?post=135108"},{"taxonomy":"product_tag","embeddable":true,"href":"https:\/\/www.ernstbrunn-apotheke.at\/katalog\/wp-json\/wp\/v2\/product_tag?post=135108"}],"curies":[{"name":"wp","href":"https:\/\/api.w.org\/{rel}","templated":true}]}}