{"id":135037,"date":"2025-11-14T16:00:35","date_gmt":"2025-11-14T15:00:35","guid":{"rendered":"https:\/\/www.ernstbrunn-apotheke.at\/katalog\/produkt\/taviforte-300-mg-kapseln-20-stk\/"},"modified":"2025-12-09T10:23:33","modified_gmt":"2025-12-09T09:23:33","slug":"taviforte-300-mg-kapseln-20-stk","status":"publish","type":"product","link":"https:\/\/www.ernstbrunn-apotheke.at\/katalog\/produkt\/taviforte-300-mg-kapseln-20-stk\/","title":{"rendered":"Taviforte 300 mg Kapseln 20 Stk."},"content":{"rendered":"<p>Taviforte ist ein pflanzliches Arzneimittel zur Behandlung der Beschwerden einer akuten Bronchitis sowie zur unterstu\u0308tzenden Behandlung bei Entzu\u0308ndungen der Nasennebenho\u0308hlen oder Husten im Zusammenhang mit einer Erka\u0308ltung. Es verfl\u00fcssigt z\u00e4hen und festsitzenden Schleim. Die Flimmerh\u00e4rchen der Atemwege werden beweglicher und k\u00f6nnen ihrer Transportaufgabe besser nachkommen. Der Selbstreinigungsmechanismus der Schleimhaut wird wieder hergestellt. Wie eine Inhalation von innen str\u00f6mt das \u00e4therische \u00d6l durch die Ver\u00e4stelungen der Atemwege und wirkt direkt am Ort des Geschehens: Schleiml\u00f6send, Auswurff\u00f6rdernd, Entz\u00fcndungshemmend, AntimikrobiellJetzt.<\/p>\n","protected":false},"excerpt":{"rendered":"<p>Taviforte ist ein pflanzliches Arzneimittel zur Behandlung der Beschwerden einer akuten Bronchitis sowie zur unterstu\u0308tzenden Behandlung bei Entzu\u0308ndungen der Nasennebenho\u0308hlen oder Husten im Zusammenhang mit einer Erka\u0308ltung. Es verfl\u00fcssigt z\u00e4hen und festsitzenden Schleim. Die Flimmerh\u00e4rchen der Atemwege werden beweglicher und k\u00f6nnen ihrer Transportaufgabe besser nachkommen. Der Selbstreinigungsmechanismus der Schleimhaut wird wieder hergestellt. Wie eine Inhalation [&hellip;]<\/p>\n","protected":false},"featured_media":135039,"template":"","meta":{"_acf_changed":false},"product_brand":[],"product_cat":[798],"product_tag":[],"class_list":{"0":"post-135037","1":"product","2":"type-product","3":"status-publish","4":"has-post-thumbnail","6":"product_cat-t","7":"pa_packungsgroesse-20-stueck","9":"first","10":"instock","11":"shipping-taxable","12":"purchasable","13":"product-type-simple"},"acf":[],"_links":{"self":[{"href":"https:\/\/www.ernstbrunn-apotheke.at\/katalog\/wp-json\/wp\/v2\/product\/135037","targetHints":{"allow":["GET"]}}],"collection":[{"href":"https:\/\/www.ernstbrunn-apotheke.at\/katalog\/wp-json\/wp\/v2\/product"}],"about":[{"href":"https:\/\/www.ernstbrunn-apotheke.at\/katalog\/wp-json\/wp\/v2\/types\/product"}],"wp:featuredmedia":[{"embeddable":true,"href":"https:\/\/www.ernstbrunn-apotheke.at\/katalog\/wp-json\/wp\/v2\/media\/135039"}],"wp:attachment":[{"href":"https:\/\/www.ernstbrunn-apotheke.at\/katalog\/wp-json\/wp\/v2\/media?parent=135037"}],"wp:term":[{"taxonomy":"product_brand","embeddable":true,"href":"https:\/\/www.ernstbrunn-apotheke.at\/katalog\/wp-json\/wp\/v2\/product_brand?post=135037"},{"taxonomy":"product_cat","embeddable":true,"href":"https:\/\/www.ernstbrunn-apotheke.at\/katalog\/wp-json\/wp\/v2\/product_cat?post=135037"},{"taxonomy":"product_tag","embeddable":true,"href":"https:\/\/www.ernstbrunn-apotheke.at\/katalog\/wp-json\/wp\/v2\/product_tag?post=135037"}],"curies":[{"name":"wp","href":"https:\/\/api.w.org\/{rel}","templated":true}]}}