{"id":134953,"date":"2025-11-14T15:58:10","date_gmt":"2025-11-14T14:58:10","guid":{"rendered":"https:\/\/www.ernstbrunn-apotheke.at\/katalog\/produkt\/taoasis-baldini-bio-aroma-zimtoel-5-ml\/"},"modified":"2025-12-09T10:23:24","modified_gmt":"2025-12-09T09:23:24","slug":"taoasis-baldini-bio-aroma-zimtoel-5-ml","status":"publish","type":"product","link":"https:\/\/www.ernstbrunn-apotheke.at\/katalog\/produkt\/taoasis-baldini-bio-aroma-zimtoel-5-ml\/","title":{"rendered":"Taoasis Baldini Bio-Aroma Zimt\u00f6l 5 ml"},"content":{"rendered":"<p>Zimt hat ein angenehm warmes, s\u00fc\u00dfes Aroma, das durchw\u00e4rmend wirkt. Aus diesem Grund wird er so gerne in der kalten Jahreszeit verwendet. Er harmoniert gut mit Mandarine oder Orange, aber auch mit Kakao, Nelke, Tonka und Vanille. Wir lieben Zimt im Weihnachtsgeb\u00e4ck, Gl\u00fchwein und in Chai-Gew\u00fcrztees. Er passt aber auch gut zu Curry- und Reisgerichten. Traditionell findet sich das Gew\u00fcrz n\u00e4mlich in asiatischen und indischen Gerichten. Sehr sparsam dosieren!<\/p>\n","protected":false},"excerpt":{"rendered":"<p>Zimt hat ein angenehm warmes, s\u00fc\u00dfes Aroma, das durchw\u00e4rmend wirkt. Aus diesem Grund wird er so gerne in der kalten Jahreszeit verwendet. Er harmoniert gut mit Mandarine oder Orange, aber auch mit Kakao, Nelke, Tonka und Vanille. Wir lieben Zimt im Weihnachtsgeb\u00e4ck, Gl\u00fchwein und in Chai-Gew\u00fcrztees. Er passt aber auch gut zu Curry- und Reisgerichten. [&hellip;]<\/p>\n","protected":false},"featured_media":134955,"template":"","meta":{"_acf_changed":false},"product_brand":[577],"product_cat":[798],"product_tag":[],"class_list":{"0":"post-134953","1":"product","2":"type-product","3":"status-publish","4":"has-post-thumbnail","6":"product_brand-taoasis","7":"product_cat-t","8":"pa_packungsgroesse-5ml","10":"first","11":"instock","12":"shipping-taxable","13":"purchasable","14":"product-type-simple"},"acf":[],"_links":{"self":[{"href":"https:\/\/www.ernstbrunn-apotheke.at\/katalog\/wp-json\/wp\/v2\/product\/134953","targetHints":{"allow":["GET"]}}],"collection":[{"href":"https:\/\/www.ernstbrunn-apotheke.at\/katalog\/wp-json\/wp\/v2\/product"}],"about":[{"href":"https:\/\/www.ernstbrunn-apotheke.at\/katalog\/wp-json\/wp\/v2\/types\/product"}],"wp:featuredmedia":[{"embeddable":true,"href":"https:\/\/www.ernstbrunn-apotheke.at\/katalog\/wp-json\/wp\/v2\/media\/134955"}],"wp:attachment":[{"href":"https:\/\/www.ernstbrunn-apotheke.at\/katalog\/wp-json\/wp\/v2\/media?parent=134953"}],"wp:term":[{"taxonomy":"product_brand","embeddable":true,"href":"https:\/\/www.ernstbrunn-apotheke.at\/katalog\/wp-json\/wp\/v2\/product_brand?post=134953"},{"taxonomy":"product_cat","embeddable":true,"href":"https:\/\/www.ernstbrunn-apotheke.at\/katalog\/wp-json\/wp\/v2\/product_cat?post=134953"},{"taxonomy":"product_tag","embeddable":true,"href":"https:\/\/www.ernstbrunn-apotheke.at\/katalog\/wp-json\/wp\/v2\/product_tag?post=134953"}],"curies":[{"name":"wp","href":"https:\/\/api.w.org\/{rel}","templated":true}]}}