{"id":134950,"date":"2025-11-14T15:57:58","date_gmt":"2025-11-14T14:57:58","guid":{"rendered":"https:\/\/www.ernstbrunn-apotheke.at\/katalog\/produkt\/taoasis-baldini-bio-aroma-vanilleextrakt-5-ml\/"},"modified":"2025-12-09T10:23:23","modified_gmt":"2025-12-09T09:23:23","slug":"taoasis-baldini-bio-aroma-vanilleextrakt-5-ml","status":"publish","type":"product","link":"https:\/\/www.ernstbrunn-apotheke.at\/katalog\/produkt\/taoasis-baldini-bio-aroma-vanilleextrakt-5-ml\/","title":{"rendered":"Taoasis Baldini Bio-Aroma Vanilleextrakt 5 ml"},"content":{"rendered":"<p>Das bekannte und beliebte, s\u00fc\u00dflich warme Aroma der Vanille scheint eine beruhigende und bes\u00e4nftigende Wirkung zu haben. Nicht umsonst dienen S\u00fc\u00dfigkeiten h\u00e4ufig als kleines Trostpflaster gegen den allt\u00e4glichen Frust. Das Aroma passt wunderbar zusammen mit Kakao, Tonka, Orange und Zimt. Vanille ist der beliebteste Klassiker unter den Aromen f\u00fcr Weihnachtliches und S\u00fc\u00dfes. Das Vanille Bio-Aroma k\u00f6nnen Sie \u00fcberall dort verwenden, wo in Rezepten Vanillezucker, Vanillepulver oder ausgeschabte Vanilleschoten empfohlen werden!<\/p>\n","protected":false},"excerpt":{"rendered":"<p>Das bekannte und beliebte, s\u00fc\u00dflich warme Aroma der Vanille scheint eine beruhigende und bes\u00e4nftigende Wirkung zu haben. Nicht umsonst dienen S\u00fc\u00dfigkeiten h\u00e4ufig als kleines Trostpflaster gegen den allt\u00e4glichen Frust. Das Aroma passt wunderbar zusammen mit Kakao, Tonka, Orange und Zimt. Vanille ist der beliebteste Klassiker unter den Aromen f\u00fcr Weihnachtliches und S\u00fc\u00dfes. Das Vanille Bio-Aroma [&hellip;]<\/p>\n","protected":false},"featured_media":134952,"template":"","meta":{"_acf_changed":false},"product_brand":[577],"product_cat":[798],"product_tag":[],"class_list":{"0":"post-134950","1":"product","2":"type-product","3":"status-publish","4":"has-post-thumbnail","6":"product_brand-taoasis","7":"product_cat-t","8":"pa_packungsgroesse-5ml","10":"first","11":"instock","12":"shipping-taxable","13":"purchasable","14":"product-type-simple"},"acf":[],"_links":{"self":[{"href":"https:\/\/www.ernstbrunn-apotheke.at\/katalog\/wp-json\/wp\/v2\/product\/134950","targetHints":{"allow":["GET"]}}],"collection":[{"href":"https:\/\/www.ernstbrunn-apotheke.at\/katalog\/wp-json\/wp\/v2\/product"}],"about":[{"href":"https:\/\/www.ernstbrunn-apotheke.at\/katalog\/wp-json\/wp\/v2\/types\/product"}],"wp:featuredmedia":[{"embeddable":true,"href":"https:\/\/www.ernstbrunn-apotheke.at\/katalog\/wp-json\/wp\/v2\/media\/134952"}],"wp:attachment":[{"href":"https:\/\/www.ernstbrunn-apotheke.at\/katalog\/wp-json\/wp\/v2\/media?parent=134950"}],"wp:term":[{"taxonomy":"product_brand","embeddable":true,"href":"https:\/\/www.ernstbrunn-apotheke.at\/katalog\/wp-json\/wp\/v2\/product_brand?post=134950"},{"taxonomy":"product_cat","embeddable":true,"href":"https:\/\/www.ernstbrunn-apotheke.at\/katalog\/wp-json\/wp\/v2\/product_cat?post=134950"},{"taxonomy":"product_tag","embeddable":true,"href":"https:\/\/www.ernstbrunn-apotheke.at\/katalog\/wp-json\/wp\/v2\/product_tag?post=134950"}],"curies":[{"name":"wp","href":"https:\/\/api.w.org\/{rel}","templated":true}]}}