{"id":134947,"date":"2025-11-14T15:57:58","date_gmt":"2025-11-14T14:57:58","guid":{"rendered":"https:\/\/www.ernstbrunn-apotheke.at\/katalog\/produkt\/taoasis-baldini-bio-aroma-tonka-extrakt-5-ml\/"},"modified":"2025-12-09T10:23:22","modified_gmt":"2025-12-09T09:23:22","slug":"taoasis-baldini-bio-aroma-tonka-extrakt-5-ml","status":"publish","type":"product","link":"https:\/\/www.ernstbrunn-apotheke.at\/katalog\/produkt\/taoasis-baldini-bio-aroma-tonka-extrakt-5-ml\/","title":{"rendered":"Taoasis Baldini Bio-Aroma Tonka Extrakt 5 ml"},"content":{"rendered":"<p>Tonka besitzt ein angenehm, blumig warmes Aroma, das aufhellend und harmonisierend wirkt. Das leicht marzipanartige Aroma von Tonka bringt Freude. Es ist ein Allround-Talent f\u00fcr alle s\u00fc\u00dfen Sachen wie Tiramisu, Kekse, Desserts oder Getr\u00e4nke. Es erinnert etwas an Vanille, ist aber intensiver im Aroma und Geschmack und kann immer als Alternative zu Vanille eingesetzt werden. Tonka ist eine besonders edle Kostbarkeit, die es wirklich in sich hat! Wer den Duft mag, kann meist nicht mehr widerstehen&#8230; Tonka passt gut zu Rose, Orange und Vanille.<\/p>\n","protected":false},"excerpt":{"rendered":"<p>Tonka besitzt ein angenehm, blumig warmes Aroma, das aufhellend und harmonisierend wirkt. Das leicht marzipanartige Aroma von Tonka bringt Freude. Es ist ein Allround-Talent f\u00fcr alle s\u00fc\u00dfen Sachen wie Tiramisu, Kekse, Desserts oder Getr\u00e4nke. Es erinnert etwas an Vanille, ist aber intensiver im Aroma und Geschmack und kann immer als Alternative zu Vanille eingesetzt werden. [&hellip;]<\/p>\n","protected":false},"featured_media":134949,"template":"","meta":{"_acf_changed":false},"product_brand":[577],"product_cat":[798],"product_tag":[],"class_list":{"0":"post-134947","1":"product","2":"type-product","3":"status-publish","4":"has-post-thumbnail","6":"product_brand-taoasis","7":"product_cat-t","8":"pa_packungsgroesse-5ml","10":"first","11":"instock","12":"shipping-taxable","13":"purchasable","14":"product-type-simple"},"acf":[],"_links":{"self":[{"href":"https:\/\/www.ernstbrunn-apotheke.at\/katalog\/wp-json\/wp\/v2\/product\/134947","targetHints":{"allow":["GET"]}}],"collection":[{"href":"https:\/\/www.ernstbrunn-apotheke.at\/katalog\/wp-json\/wp\/v2\/product"}],"about":[{"href":"https:\/\/www.ernstbrunn-apotheke.at\/katalog\/wp-json\/wp\/v2\/types\/product"}],"wp:featuredmedia":[{"embeddable":true,"href":"https:\/\/www.ernstbrunn-apotheke.at\/katalog\/wp-json\/wp\/v2\/media\/134949"}],"wp:attachment":[{"href":"https:\/\/www.ernstbrunn-apotheke.at\/katalog\/wp-json\/wp\/v2\/media?parent=134947"}],"wp:term":[{"taxonomy":"product_brand","embeddable":true,"href":"https:\/\/www.ernstbrunn-apotheke.at\/katalog\/wp-json\/wp\/v2\/product_brand?post=134947"},{"taxonomy":"product_cat","embeddable":true,"href":"https:\/\/www.ernstbrunn-apotheke.at\/katalog\/wp-json\/wp\/v2\/product_cat?post=134947"},{"taxonomy":"product_tag","embeddable":true,"href":"https:\/\/www.ernstbrunn-apotheke.at\/katalog\/wp-json\/wp\/v2\/product_tag?post=134947"}],"curies":[{"name":"wp","href":"https:\/\/api.w.org\/{rel}","templated":true}]}}