{"id":134944,"date":"2025-11-14T15:57:58","date_gmt":"2025-11-14T14:57:58","guid":{"rendered":"https:\/\/www.ernstbrunn-apotheke.at\/katalog\/produkt\/taoasis-baldini-bio-aroma-rosmarinoel-5-ml\/"},"modified":"2025-12-09T10:23:22","modified_gmt":"2025-12-09T09:23:22","slug":"taoasis-baldini-bio-aroma-rosmarinoel-5-ml","status":"publish","type":"product","link":"https:\/\/www.ernstbrunn-apotheke.at\/katalog\/produkt\/taoasis-baldini-bio-aroma-rosmarinoel-5-ml\/","title":{"rendered":"Taoasis Baldini Bio-Aroma Rosmarin\u00f6l 5 ml"},"content":{"rendered":"<p>Rosmarin hat ein w\u00fcrzig frisches Aroma, das eine stimulierende Wirkung aus\u00fcbt. Rosmarin bietet sich daher immer dann an, wenn durch geistige Arbeit bedingte Ersch\u00f6pfungszust\u00e4nde eintreten und die Konzentrationsf\u00e4higkeit nachl\u00e4sst. Er belebt und erfrischt und ist in der K\u00fcche ein frisches, mediterranes Aroma f\u00fcr Salate, Gem\u00fcse, Brote und Dips! Das \u00d6l passt gut zu herzhaften Knabbereien, als Aperitif oder einfach nur f\u00fcr Zwischendurch. Er harmoniert gut mit Lavendel und Basilikum, aber auch mit Zitrone und Orange.<\/p>\n","protected":false},"excerpt":{"rendered":"<p>Rosmarin hat ein w\u00fcrzig frisches Aroma, das eine stimulierende Wirkung aus\u00fcbt. Rosmarin bietet sich daher immer dann an, wenn durch geistige Arbeit bedingte Ersch\u00f6pfungszust\u00e4nde eintreten und die Konzentrationsf\u00e4higkeit nachl\u00e4sst. Er belebt und erfrischt und ist in der K\u00fcche ein frisches, mediterranes Aroma f\u00fcr Salate, Gem\u00fcse, Brote und Dips! Das \u00d6l passt gut zu herzhaften Knabbereien, [&hellip;]<\/p>\n","protected":false},"featured_media":134946,"template":"","meta":{"_acf_changed":false},"product_brand":[577],"product_cat":[798],"product_tag":[],"class_list":{"0":"post-134944","1":"product","2":"type-product","3":"status-publish","4":"has-post-thumbnail","6":"product_brand-taoasis","7":"product_cat-t","8":"pa_packungsgroesse-5ml","10":"first","11":"instock","12":"shipping-taxable","13":"purchasable","14":"product-type-simple"},"acf":[],"_links":{"self":[{"href":"https:\/\/www.ernstbrunn-apotheke.at\/katalog\/wp-json\/wp\/v2\/product\/134944","targetHints":{"allow":["GET"]}}],"collection":[{"href":"https:\/\/www.ernstbrunn-apotheke.at\/katalog\/wp-json\/wp\/v2\/product"}],"about":[{"href":"https:\/\/www.ernstbrunn-apotheke.at\/katalog\/wp-json\/wp\/v2\/types\/product"}],"wp:featuredmedia":[{"embeddable":true,"href":"https:\/\/www.ernstbrunn-apotheke.at\/katalog\/wp-json\/wp\/v2\/media\/134946"}],"wp:attachment":[{"href":"https:\/\/www.ernstbrunn-apotheke.at\/katalog\/wp-json\/wp\/v2\/media?parent=134944"}],"wp:term":[{"taxonomy":"product_brand","embeddable":true,"href":"https:\/\/www.ernstbrunn-apotheke.at\/katalog\/wp-json\/wp\/v2\/product_brand?post=134944"},{"taxonomy":"product_cat","embeddable":true,"href":"https:\/\/www.ernstbrunn-apotheke.at\/katalog\/wp-json\/wp\/v2\/product_cat?post=134944"},{"taxonomy":"product_tag","embeddable":true,"href":"https:\/\/www.ernstbrunn-apotheke.at\/katalog\/wp-json\/wp\/v2\/product_tag?post=134944"}],"curies":[{"name":"wp","href":"https:\/\/api.w.org\/{rel}","templated":true}]}}