{"id":134938,"date":"2025-11-14T15:57:45","date_gmt":"2025-11-14T14:57:45","guid":{"rendered":"https:\/\/www.ernstbrunn-apotheke.at\/katalog\/produkt\/taoasis-baldini-bio-aroma-pfefferminzoel-5-ml\/"},"modified":"2025-12-09T10:23:21","modified_gmt":"2025-12-09T09:23:21","slug":"taoasis-baldini-bio-aroma-pfefferminzoel-5-ml","status":"publish","type":"product","link":"https:\/\/www.ernstbrunn-apotheke.at\/katalog\/produkt\/taoasis-baldini-bio-aroma-pfefferminzoel-5-ml\/","title":{"rendered":"Taoasis Baldini Bio-Aroma Pfefferminz\u00f6l 5 ml"},"content":{"rendered":"<p>Die Pfefferminze hat ein frisches, reines Aroma der bei geistiger Ersch\u00f6pfung und \u00dcberarbeitung wieder einen klaren Kopf macht und die Konzentrationsf\u00e4higkeit erh\u00f6ht. Pfefferminze wirkt stark k\u00fchlend und wirkt deshalb so erfrischend und belebend. Das belebend, frische Aroma ist ideal f\u00fcr Getr\u00e4nke, Salate und S\u00fc\u00dfspeisen. Im Sommer ist er wegen seiner k\u00fchlenden und aktivierenden Wirkung besonders beliebt in frischen Cocktails. Die Kombination mit Schokolade und Pfefferminze ist bekannt als \u201eAfter Eight\u201c und gibt als Glasur auf Schokomuffins oder bei Keksen das gewisse Etwas! Sparsam dosieren!<\/p>\n","protected":false},"excerpt":{"rendered":"<p>Die Pfefferminze hat ein frisches, reines Aroma der bei geistiger Ersch\u00f6pfung und \u00dcberarbeitung wieder einen klaren Kopf macht und die Konzentrationsf\u00e4higkeit erh\u00f6ht. Pfefferminze wirkt stark k\u00fchlend und wirkt deshalb so erfrischend und belebend. Das belebend, frische Aroma ist ideal f\u00fcr Getr\u00e4nke, Salate und S\u00fc\u00dfspeisen. Im Sommer ist er wegen seiner k\u00fchlenden und aktivierenden Wirkung besonders [&hellip;]<\/p>\n","protected":false},"featured_media":134940,"template":"","meta":{"_acf_changed":false},"product_brand":[577],"product_cat":[798],"product_tag":[],"class_list":{"0":"post-134938","1":"product","2":"type-product","3":"status-publish","4":"has-post-thumbnail","6":"product_brand-taoasis","7":"product_cat-t","8":"pa_packungsgroesse-5ml","10":"first","11":"instock","12":"shipping-taxable","13":"purchasable","14":"product-type-simple"},"acf":[],"_links":{"self":[{"href":"https:\/\/www.ernstbrunn-apotheke.at\/katalog\/wp-json\/wp\/v2\/product\/134938","targetHints":{"allow":["GET"]}}],"collection":[{"href":"https:\/\/www.ernstbrunn-apotheke.at\/katalog\/wp-json\/wp\/v2\/product"}],"about":[{"href":"https:\/\/www.ernstbrunn-apotheke.at\/katalog\/wp-json\/wp\/v2\/types\/product"}],"wp:featuredmedia":[{"embeddable":true,"href":"https:\/\/www.ernstbrunn-apotheke.at\/katalog\/wp-json\/wp\/v2\/media\/134940"}],"wp:attachment":[{"href":"https:\/\/www.ernstbrunn-apotheke.at\/katalog\/wp-json\/wp\/v2\/media?parent=134938"}],"wp:term":[{"taxonomy":"product_brand","embeddable":true,"href":"https:\/\/www.ernstbrunn-apotheke.at\/katalog\/wp-json\/wp\/v2\/product_brand?post=134938"},{"taxonomy":"product_cat","embeddable":true,"href":"https:\/\/www.ernstbrunn-apotheke.at\/katalog\/wp-json\/wp\/v2\/product_cat?post=134938"},{"taxonomy":"product_tag","embeddable":true,"href":"https:\/\/www.ernstbrunn-apotheke.at\/katalog\/wp-json\/wp\/v2\/product_tag?post=134938"}],"curies":[{"name":"wp","href":"https:\/\/api.w.org\/{rel}","templated":true}]}}