{"id":134935,"date":"2025-11-14T15:57:45","date_gmt":"2025-11-14T14:57:45","guid":{"rendered":"https:\/\/www.ernstbrunn-apotheke.at\/katalog\/produkt\/taoasis-baldini-bio-aroma-nelkenbluetenoel-5-ml\/"},"modified":"2025-12-09T10:23:20","modified_gmt":"2025-12-09T09:23:20","slug":"taoasis-baldini-bio-aroma-nelkenbluetenoel-5-ml","status":"publish","type":"product","link":"https:\/\/www.ernstbrunn-apotheke.at\/katalog\/produkt\/taoasis-baldini-bio-aroma-nelkenbluetenoel-5-ml\/","title":{"rendered":"Taoasis Baldini Bio-Aroma Nelkenbl\u00fcten\u00f6l 5 ml"},"content":{"rendered":"<p>Das w\u00fcrzig s\u00fc\u00dfe Aroma von Nelke wirkt stimulierend bei Labilit\u00e4t und Schw\u00e4che. Traditionell wird Nelke aufgrund seiner Eigenschaften verd\u00fcnnt zur Pflege der Mundh\u00f6hle verwendet, ist aber auch beliebt in asiatischen und indischen Gerichten. In asiatischen Kulturen ist Nelke als Zutat zu Currys und anderen Gew\u00fcrzmischungen bekannt. In unseren Breiten assoziieren wir mit Nelken vor allem die Weihnachtszeit. Bei uns wird Nelke aufgrund der w\u00e4rmenden Tendenz vor allem in Gl\u00fchwein und Weihnachtsgeb\u00e4ck verwendet. Sie harmoniert gut mit Orange, Mandarine und Vanille. Sehr sparsam dosieren!<\/p>\n","protected":false},"excerpt":{"rendered":"<p>Das w\u00fcrzig s\u00fc\u00dfe Aroma von Nelke wirkt stimulierend bei Labilit\u00e4t und Schw\u00e4che. Traditionell wird Nelke aufgrund seiner Eigenschaften verd\u00fcnnt zur Pflege der Mundh\u00f6hle verwendet, ist aber auch beliebt in asiatischen und indischen Gerichten. In asiatischen Kulturen ist Nelke als Zutat zu Currys und anderen Gew\u00fcrzmischungen bekannt. In unseren Breiten assoziieren wir mit Nelken vor allem [&hellip;]<\/p>\n","protected":false},"featured_media":134937,"template":"","meta":{"_acf_changed":false},"product_brand":[577],"product_cat":[798],"product_tag":[],"class_list":{"0":"post-134935","1":"product","2":"type-product","3":"status-publish","4":"has-post-thumbnail","6":"product_brand-taoasis","7":"product_cat-t","8":"pa_packungsgroesse-5ml","10":"first","11":"instock","12":"shipping-taxable","13":"purchasable","14":"product-type-simple"},"acf":[],"_links":{"self":[{"href":"https:\/\/www.ernstbrunn-apotheke.at\/katalog\/wp-json\/wp\/v2\/product\/134935","targetHints":{"allow":["GET"]}}],"collection":[{"href":"https:\/\/www.ernstbrunn-apotheke.at\/katalog\/wp-json\/wp\/v2\/product"}],"about":[{"href":"https:\/\/www.ernstbrunn-apotheke.at\/katalog\/wp-json\/wp\/v2\/types\/product"}],"wp:featuredmedia":[{"embeddable":true,"href":"https:\/\/www.ernstbrunn-apotheke.at\/katalog\/wp-json\/wp\/v2\/media\/134937"}],"wp:attachment":[{"href":"https:\/\/www.ernstbrunn-apotheke.at\/katalog\/wp-json\/wp\/v2\/media?parent=134935"}],"wp:term":[{"taxonomy":"product_brand","embeddable":true,"href":"https:\/\/www.ernstbrunn-apotheke.at\/katalog\/wp-json\/wp\/v2\/product_brand?post=134935"},{"taxonomy":"product_cat","embeddable":true,"href":"https:\/\/www.ernstbrunn-apotheke.at\/katalog\/wp-json\/wp\/v2\/product_cat?post=134935"},{"taxonomy":"product_tag","embeddable":true,"href":"https:\/\/www.ernstbrunn-apotheke.at\/katalog\/wp-json\/wp\/v2\/product_tag?post=134935"}],"curies":[{"name":"wp","href":"https:\/\/api.w.org\/{rel}","templated":true}]}}