{"id":134922,"date":"2025-11-14T15:57:17","date_gmt":"2025-11-14T14:57:17","guid":{"rendered":"https:\/\/www.ernstbrunn-apotheke.at\/katalog\/produkt\/taoasis-baldini-bio-aroma-lavendeloel-5-ml\/"},"modified":"2025-12-09T10:23:19","modified_gmt":"2025-12-09T09:23:19","slug":"taoasis-baldini-bio-aroma-lavendeloel-5-ml","status":"publish","type":"product","link":"https:\/\/www.ernstbrunn-apotheke.at\/katalog\/produkt\/taoasis-baldini-bio-aroma-lavendeloel-5-ml\/","title":{"rendered":"Taoasis Baldini Bio-Aroma Lavendel\u00f6l 5 ml"},"content":{"rendered":"<p>Nat\u00fcrliche Aromen beleben Geist und Gem\u00fct und bringen mehr Lebendigkeit und Farbe in die K\u00fcche. Mit wenigen Tropfen Lavendel laden Sie sich und Ihre G\u00e4ste zu einem Ausflug in die Provence ein. Das fein herbe Kr\u00e4uteraroma passt zu allen Gerichten der mediterranen K\u00fcche, vor allem aber in die Franz\u00f6sische. Es aromatisiert Salat\u00f6le und -saucen und ist vor allem in Kombination mit Rosmarin gut geeignet f\u00fcr herzhaftes Geb\u00e4ck. Er passt auch zu den frischen Zitrus\u00f6len und gemischt mit der edlen Rose als Zutat f\u00fcr Cocktails, S\u00fc\u00dfspeisen und Geb\u00e4ck. Sparsam dosieren, damit er nicht bitter wird.<\/p>\n","protected":false},"excerpt":{"rendered":"<p>Nat\u00fcrliche Aromen beleben Geist und Gem\u00fct und bringen mehr Lebendigkeit und Farbe in die K\u00fcche. Mit wenigen Tropfen Lavendel laden Sie sich und Ihre G\u00e4ste zu einem Ausflug in die Provence ein. Das fein herbe Kr\u00e4uteraroma passt zu allen Gerichten der mediterranen K\u00fcche, vor allem aber in die Franz\u00f6sische. Es aromatisiert Salat\u00f6le und -saucen und [&hellip;]<\/p>\n","protected":false},"featured_media":134924,"template":"","meta":{"_acf_changed":false},"product_brand":[577],"product_cat":[798],"product_tag":[],"class_list":{"0":"post-134922","1":"product","2":"type-product","3":"status-publish","4":"has-post-thumbnail","6":"product_brand-taoasis","7":"product_cat-t","8":"pa_packungsgroesse-5ml","10":"first","11":"instock","12":"shipping-taxable","13":"purchasable","14":"product-type-simple"},"acf":[],"_links":{"self":[{"href":"https:\/\/www.ernstbrunn-apotheke.at\/katalog\/wp-json\/wp\/v2\/product\/134922","targetHints":{"allow":["GET"]}}],"collection":[{"href":"https:\/\/www.ernstbrunn-apotheke.at\/katalog\/wp-json\/wp\/v2\/product"}],"about":[{"href":"https:\/\/www.ernstbrunn-apotheke.at\/katalog\/wp-json\/wp\/v2\/types\/product"}],"wp:featuredmedia":[{"embeddable":true,"href":"https:\/\/www.ernstbrunn-apotheke.at\/katalog\/wp-json\/wp\/v2\/media\/134924"}],"wp:attachment":[{"href":"https:\/\/www.ernstbrunn-apotheke.at\/katalog\/wp-json\/wp\/v2\/media?parent=134922"}],"wp:term":[{"taxonomy":"product_brand","embeddable":true,"href":"https:\/\/www.ernstbrunn-apotheke.at\/katalog\/wp-json\/wp\/v2\/product_brand?post=134922"},{"taxonomy":"product_cat","embeddable":true,"href":"https:\/\/www.ernstbrunn-apotheke.at\/katalog\/wp-json\/wp\/v2\/product_cat?post=134922"},{"taxonomy":"product_tag","embeddable":true,"href":"https:\/\/www.ernstbrunn-apotheke.at\/katalog\/wp-json\/wp\/v2\/product_tag?post=134922"}],"curies":[{"name":"wp","href":"https:\/\/api.w.org\/{rel}","templated":true}]}}