{"id":134919,"date":"2025-11-14T15:57:17","date_gmt":"2025-11-14T14:57:17","guid":{"rendered":"https:\/\/www.ernstbrunn-apotheke.at\/katalog\/produkt\/taoasis-baldini-bio-aroma-kakao-extrakt-5-ml\/"},"modified":"2025-12-09T10:23:18","modified_gmt":"2025-12-09T09:23:18","slug":"taoasis-baldini-bio-aroma-kakao-extrakt-5-ml","status":"publish","type":"product","link":"https:\/\/www.ernstbrunn-apotheke.at\/katalog\/produkt\/taoasis-baldini-bio-aroma-kakao-extrakt-5-ml\/","title":{"rendered":"Taoasis Baldini Bio-Aroma Kakao Extrakt 5 ml"},"content":{"rendered":"<p>Schokolade wird gerne bei Frust und Kummer als Tr\u00f6ster gegessen oder getrunken, da beim Genuss von Kakao im K\u00f6rper Endorphine, das sind Botenstoffe, die f\u00fcr Wohlf\u00fchlen und Entspannung sorgen, ausgesch\u00fcttet werden. Schon beim Gedanken an Kakao l\u00e4uft einem f\u00f6rmlich das Wasser im Mund zusammen und auch schon das Riechen an Kakao kann helfen gl\u00fccklicher zu werden &#8211; ganz kalorienfrei! Das milde Aroma ist sehr vielseitig und f\u00fcr S\u00fc\u00dfspeisen, Geb\u00e4ck oder Hei\u00dfgetr\u00e4nke geeignet. Kakao unterst\u00fctzt das Aroma von Schokolade und sorgt daf\u00fcr, dass s\u00fc\u00dfe Leckereien einfach unwiderstehlich werden. Es passt sehr gut zu Rose, Vanille und Tonka.<\/p>\n","protected":false},"excerpt":{"rendered":"<p>Schokolade wird gerne bei Frust und Kummer als Tr\u00f6ster gegessen oder getrunken, da beim Genuss von Kakao im K\u00f6rper Endorphine, das sind Botenstoffe, die f\u00fcr Wohlf\u00fchlen und Entspannung sorgen, ausgesch\u00fcttet werden. Schon beim Gedanken an Kakao l\u00e4uft einem f\u00f6rmlich das Wasser im Mund zusammen und auch schon das Riechen an Kakao kann helfen gl\u00fccklicher zu [&hellip;]<\/p>\n","protected":false},"featured_media":134921,"template":"","meta":{"_acf_changed":false},"product_brand":[577],"product_cat":[798],"product_tag":[],"class_list":{"0":"post-134919","1":"product","2":"type-product","3":"status-publish","4":"has-post-thumbnail","6":"product_brand-taoasis","7":"product_cat-t","8":"pa_packungsgroesse-5ml","10":"first","11":"instock","12":"shipping-taxable","13":"purchasable","14":"product-type-simple"},"acf":[],"_links":{"self":[{"href":"https:\/\/www.ernstbrunn-apotheke.at\/katalog\/wp-json\/wp\/v2\/product\/134919","targetHints":{"allow":["GET"]}}],"collection":[{"href":"https:\/\/www.ernstbrunn-apotheke.at\/katalog\/wp-json\/wp\/v2\/product"}],"about":[{"href":"https:\/\/www.ernstbrunn-apotheke.at\/katalog\/wp-json\/wp\/v2\/types\/product"}],"wp:featuredmedia":[{"embeddable":true,"href":"https:\/\/www.ernstbrunn-apotheke.at\/katalog\/wp-json\/wp\/v2\/media\/134921"}],"wp:attachment":[{"href":"https:\/\/www.ernstbrunn-apotheke.at\/katalog\/wp-json\/wp\/v2\/media?parent=134919"}],"wp:term":[{"taxonomy":"product_brand","embeddable":true,"href":"https:\/\/www.ernstbrunn-apotheke.at\/katalog\/wp-json\/wp\/v2\/product_brand?post=134919"},{"taxonomy":"product_cat","embeddable":true,"href":"https:\/\/www.ernstbrunn-apotheke.at\/katalog\/wp-json\/wp\/v2\/product_cat?post=134919"},{"taxonomy":"product_tag","embeddable":true,"href":"https:\/\/www.ernstbrunn-apotheke.at\/katalog\/wp-json\/wp\/v2\/product_tag?post=134919"}],"curies":[{"name":"wp","href":"https:\/\/api.w.org\/{rel}","templated":true}]}}