{"id":134916,"date":"2025-11-14T15:57:04","date_gmt":"2025-11-14T14:57:04","guid":{"rendered":"https:\/\/www.ernstbrunn-apotheke.at\/katalog\/produkt\/taoasis-baldini-bio-aroma-ingweroel-5-ml\/"},"modified":"2025-12-09T10:23:18","modified_gmt":"2025-12-09T09:23:18","slug":"taoasis-baldini-bio-aroma-ingweroel-5-ml","status":"publish","type":"product","link":"https:\/\/www.ernstbrunn-apotheke.at\/katalog\/produkt\/taoasis-baldini-bio-aroma-ingweroel-5-ml\/","title":{"rendered":"Taoasis Baldini Bio-Aroma Ingwer\u00f6l 5 ml"},"content":{"rendered":"<p>Ingwer macht viele Speisen bek\u00f6mmlicher und ist eine klassische Zutat in Curry und Chai. Das Bio-Aroma ist nicht so scharf wie der frische Ingwer und eignet sich deshalb sehr gut f\u00fcr Menschen, die nicht scharf essen m\u00f6chten. In der Weihnachtsb\u00e4ckerei wird Ingwer traditionell f\u00fcr Stollen und Lebkuchen verwendet, passt aber auch sehr gut in Hei\u00dfgetr\u00e4nke, Limonaden, Cocktails, Reisgerichte und Suppen. Ingwer harmoniert gut mit Orange, Mandarine und Zitrone.<\/p>\n","protected":false},"excerpt":{"rendered":"<p>Ingwer macht viele Speisen bek\u00f6mmlicher und ist eine klassische Zutat in Curry und Chai. Das Bio-Aroma ist nicht so scharf wie der frische Ingwer und eignet sich deshalb sehr gut f\u00fcr Menschen, die nicht scharf essen m\u00f6chten. In der Weihnachtsb\u00e4ckerei wird Ingwer traditionell f\u00fcr Stollen und Lebkuchen verwendet, passt aber auch sehr gut in Hei\u00dfgetr\u00e4nke, [&hellip;]<\/p>\n","protected":false},"featured_media":134918,"template":"","meta":{"_acf_changed":false},"product_brand":[577],"product_cat":[798],"product_tag":[],"class_list":{"0":"post-134916","1":"product","2":"type-product","3":"status-publish","4":"has-post-thumbnail","6":"product_brand-taoasis","7":"product_cat-t","8":"pa_packungsgroesse-5ml","10":"first","11":"instock","12":"shipping-taxable","13":"purchasable","14":"product-type-simple"},"acf":[],"_links":{"self":[{"href":"https:\/\/www.ernstbrunn-apotheke.at\/katalog\/wp-json\/wp\/v2\/product\/134916","targetHints":{"allow":["GET"]}}],"collection":[{"href":"https:\/\/www.ernstbrunn-apotheke.at\/katalog\/wp-json\/wp\/v2\/product"}],"about":[{"href":"https:\/\/www.ernstbrunn-apotheke.at\/katalog\/wp-json\/wp\/v2\/types\/product"}],"wp:featuredmedia":[{"embeddable":true,"href":"https:\/\/www.ernstbrunn-apotheke.at\/katalog\/wp-json\/wp\/v2\/media\/134918"}],"wp:attachment":[{"href":"https:\/\/www.ernstbrunn-apotheke.at\/katalog\/wp-json\/wp\/v2\/media?parent=134916"}],"wp:term":[{"taxonomy":"product_brand","embeddable":true,"href":"https:\/\/www.ernstbrunn-apotheke.at\/katalog\/wp-json\/wp\/v2\/product_brand?post=134916"},{"taxonomy":"product_cat","embeddable":true,"href":"https:\/\/www.ernstbrunn-apotheke.at\/katalog\/wp-json\/wp\/v2\/product_cat?post=134916"},{"taxonomy":"product_tag","embeddable":true,"href":"https:\/\/www.ernstbrunn-apotheke.at\/katalog\/wp-json\/wp\/v2\/product_tag?post=134916"}],"curies":[{"name":"wp","href":"https:\/\/api.w.org\/{rel}","templated":true}]}}