{"id":134910,"date":"2025-11-14T15:57:04","date_gmt":"2025-11-14T14:57:04","guid":{"rendered":"https:\/\/www.ernstbrunn-apotheke.at\/katalog\/produkt\/taoasis-baldini-bio-aroma-anisoel-5-ml\/"},"modified":"2025-12-09T10:23:17","modified_gmt":"2025-12-09T09:23:17","slug":"taoasis-baldini-bio-aroma-anisoel-5-ml","status":"publish","type":"product","link":"https:\/\/www.ernstbrunn-apotheke.at\/katalog\/produkt\/taoasis-baldini-bio-aroma-anisoel-5-ml\/","title":{"rendered":"Taoasis Baldini Bio-Aroma Anis\u00f6l 5 ml"},"content":{"rendered":"<p>Anis ist das entspannende, leicht s\u00fc\u00dfliche Aroma von Pastis, Ouzo und anderen Getr\u00e4nken. Anis aus Illicium verum, das sogenannte Sternanis\u00f6l, verleiht Getr\u00e4nken das typische, intensive Aroma. Nicht zu verwechseln mit dem etwas dezenteren Anis\u00f6l aus Pimpinella anisum. Anis hat einen besonders positiv regulierenden Einfluss auf Frauen. Wichtig ist die 100%ige Nat\u00fcrlichkeit des Anis\u00f6ls, da sich die Vertr\u00e4glichkeit bei Kopien aus dem Chemielabor deutlich ver\u00e4ndert! Anis gibt die besondere Note f\u00fcr Cocktails und S\u00fc\u00dfspeisen, aber auch f\u00fcr Gew\u00fcrzbrote oder Geb\u00e4ck und passt besonders gut zu Orange.<\/p>\n","protected":false},"excerpt":{"rendered":"<p>Anis ist das entspannende, leicht s\u00fc\u00dfliche Aroma von Pastis, Ouzo und anderen Getr\u00e4nken. Anis aus Illicium verum, das sogenannte Sternanis\u00f6l, verleiht Getr\u00e4nken das typische, intensive Aroma. Nicht zu verwechseln mit dem etwas dezenteren Anis\u00f6l aus Pimpinella anisum. Anis hat einen besonders positiv regulierenden Einfluss auf Frauen. Wichtig ist die 100%ige Nat\u00fcrlichkeit des Anis\u00f6ls, da sich [&hellip;]<\/p>\n","protected":false},"featured_media":134912,"template":"","meta":{"_acf_changed":false},"product_brand":[577],"product_cat":[798],"product_tag":[],"class_list":{"0":"post-134910","1":"product","2":"type-product","3":"status-publish","4":"has-post-thumbnail","6":"product_brand-taoasis","7":"product_cat-t","8":"pa_packungsgroesse-5ml","10":"first","11":"instock","12":"shipping-taxable","13":"purchasable","14":"product-type-simple"},"acf":[],"_links":{"self":[{"href":"https:\/\/www.ernstbrunn-apotheke.at\/katalog\/wp-json\/wp\/v2\/product\/134910","targetHints":{"allow":["GET"]}}],"collection":[{"href":"https:\/\/www.ernstbrunn-apotheke.at\/katalog\/wp-json\/wp\/v2\/product"}],"about":[{"href":"https:\/\/www.ernstbrunn-apotheke.at\/katalog\/wp-json\/wp\/v2\/types\/product"}],"wp:featuredmedia":[{"embeddable":true,"href":"https:\/\/www.ernstbrunn-apotheke.at\/katalog\/wp-json\/wp\/v2\/media\/134912"}],"wp:attachment":[{"href":"https:\/\/www.ernstbrunn-apotheke.at\/katalog\/wp-json\/wp\/v2\/media?parent=134910"}],"wp:term":[{"taxonomy":"product_brand","embeddable":true,"href":"https:\/\/www.ernstbrunn-apotheke.at\/katalog\/wp-json\/wp\/v2\/product_brand?post=134910"},{"taxonomy":"product_cat","embeddable":true,"href":"https:\/\/www.ernstbrunn-apotheke.at\/katalog\/wp-json\/wp\/v2\/product_cat?post=134910"},{"taxonomy":"product_tag","embeddable":true,"href":"https:\/\/www.ernstbrunn-apotheke.at\/katalog\/wp-json\/wp\/v2\/product_tag?post=134910"}],"curies":[{"name":"wp","href":"https:\/\/api.w.org\/{rel}","templated":true}]}}