{"id":134900,"date":"2025-11-14T15:56:42","date_gmt":"2025-11-14T14:56:42","guid":{"rendered":"https:\/\/www.ernstbrunn-apotheke.at\/katalog\/produkt\/drapal-tannini-sirup-im-glas-450-g\/"},"modified":"2025-12-09T10:23:17","modified_gmt":"2025-12-09T09:23:17","slug":"drapal-tannini-sirup-im-glas-450-g","status":"publish","type":"product","link":"https:\/\/www.ernstbrunn-apotheke.at\/katalog\/produkt\/drapal-tannini-sirup-im-glas-450-g\/","title":{"rendered":"Drapal Tannini Sirup im Glas 450 g"},"content":{"rendered":"<p>Drapal Tannini Sirup im Glas, ohne Karton wird aus frischen Tannenwipfeln mit Thymian und Spitzwegerich hergestellt. Ohne Konservierungsmittel, ohne Farbstoffe und ohne Alkohol. T\u00e4glich 3 bis 4 Essl\u00f6ffel Tannini Sirup pur, oder nach Bedarf, auch als Zusatz von Tee, Milch, Wasser und Getr\u00e4nken. Wegen der speziellen Kr\u00e4uter sollten nicht mehr als 100 ml Tannini Sirup pro Tag genossen werden. Nicht f\u00fcr S\u00e4uglinge geeignet. Da Tannini Sirup v\u00f6llig frei von chemischen Konservierungsmittel und Farbstoffen ist, wird er bestens vertragen..<\/p>\n","protected":false},"excerpt":{"rendered":"<p>Drapal Tannini Sirup im Glas, ohne Karton wird aus frischen Tannenwipfeln mit Thymian und Spitzwegerich hergestellt. Ohne Konservierungsmittel, ohne Farbstoffe und ohne Alkohol. T\u00e4glich 3 bis 4 Essl\u00f6ffel Tannini Sirup pur, oder nach Bedarf, auch als Zusatz von Tee, Milch, Wasser und Getr\u00e4nken. Wegen der speziellen Kr\u00e4uter sollten nicht mehr als 100 ml Tannini Sirup [&hellip;]<\/p>\n","protected":false},"featured_media":134902,"template":"","meta":{"_acf_changed":false},"product_brand":[],"product_cat":[792],"product_tag":[],"class_list":{"0":"post-134900","1":"product","2":"type-product","3":"status-publish","4":"has-post-thumbnail","6":"product_cat-d","7":"pa_packungsgroesse-450g","9":"first","10":"instock","11":"shipping-taxable","12":"purchasable","13":"product-type-simple"},"acf":[],"_links":{"self":[{"href":"https:\/\/www.ernstbrunn-apotheke.at\/katalog\/wp-json\/wp\/v2\/product\/134900","targetHints":{"allow":["GET"]}}],"collection":[{"href":"https:\/\/www.ernstbrunn-apotheke.at\/katalog\/wp-json\/wp\/v2\/product"}],"about":[{"href":"https:\/\/www.ernstbrunn-apotheke.at\/katalog\/wp-json\/wp\/v2\/types\/product"}],"wp:featuredmedia":[{"embeddable":true,"href":"https:\/\/www.ernstbrunn-apotheke.at\/katalog\/wp-json\/wp\/v2\/media\/134902"}],"wp:attachment":[{"href":"https:\/\/www.ernstbrunn-apotheke.at\/katalog\/wp-json\/wp\/v2\/media?parent=134900"}],"wp:term":[{"taxonomy":"product_brand","embeddable":true,"href":"https:\/\/www.ernstbrunn-apotheke.at\/katalog\/wp-json\/wp\/v2\/product_brand?post=134900"},{"taxonomy":"product_cat","embeddable":true,"href":"https:\/\/www.ernstbrunn-apotheke.at\/katalog\/wp-json\/wp\/v2\/product_cat?post=134900"},{"taxonomy":"product_tag","embeddable":true,"href":"https:\/\/www.ernstbrunn-apotheke.at\/katalog\/wp-json\/wp\/v2\/product_tag?post=134900"}],"curies":[{"name":"wp","href":"https:\/\/api.w.org\/{rel}","templated":true}]}}