{"id":134897,"date":"2025-11-14T15:56:42","date_gmt":"2025-11-14T14:56:42","guid":{"rendered":"https:\/\/www.ernstbrunn-apotheke.at\/katalog\/produkt\/huebner-tannenblut-n-kr-zubehoer-250-ml\/"},"modified":"2025-12-09T10:23:15","modified_gmt":"2025-12-09T09:23:15","slug":"huebner-tannenblut-n-kr-zubehoer-250-ml","status":"publish","type":"product","link":"https:\/\/www.ernstbrunn-apotheke.at\/katalog\/produkt\/huebner-tannenblut-n-kr-zubehoer-250-ml\/","title":{"rendered":"H\u00fcbner Tannenblut N KR-Zubeh\u00f6r 250 ml"},"content":{"rendered":"<p>H\u00fcbner-Erzeugnisse werden sowohl nach traditionellen Rezepturen mit ihren altbew\u00e4hrten Wirkstoffen als auch nach neuesten wissenschaftlichen Erkenntnissen hergestellt. Heute gew\u00e4hrleisten hoch motivierte Mitarbeiter die Kontinuit\u00e4t des Unternehmens sowie die Produkt- und Qualit\u00e4tsphilosophie. Nach dem Motto \u00e4In Ehrenkirchen treffen sich Tradition und Innovation\u201c werden neben der Verbesserung von bestehenden Produkten neue Entwicklungen betrieben. H\u00fcbner-Produkte vereinen in hohem Ma\u00dfe Qualit\u00e4t, Wirksamkeit und Vertr\u00e4glichkeit nach dem Rezept der Natur und eignen sich f\u00fcr die ganze Familie.<\/p>\n","protected":false},"excerpt":{"rendered":"<p>H\u00fcbner-Erzeugnisse werden sowohl nach traditionellen Rezepturen mit ihren altbew\u00e4hrten Wirkstoffen als auch nach neuesten wissenschaftlichen Erkenntnissen hergestellt. Heute gew\u00e4hrleisten hoch motivierte Mitarbeiter die Kontinuit\u00e4t des Unternehmens sowie die Produkt- und Qualit\u00e4tsphilosophie. Nach dem Motto \u00e4In Ehrenkirchen treffen sich Tradition und Innovation\u201c werden neben der Verbesserung von bestehenden Produkten neue Entwicklungen betrieben. H\u00fcbner-Produkte vereinen in hohem [&hellip;]<\/p>\n","protected":false},"featured_media":134899,"template":"","meta":{"_acf_changed":false},"product_brand":[],"product_cat":[805],"product_tag":[],"class_list":{"0":"post-134897","1":"product","2":"type-product","3":"status-publish","4":"has-post-thumbnail","6":"product_cat-h","7":"pa_packungsgroesse-250ml","9":"first","10":"instock","11":"shipping-taxable","12":"purchasable","13":"product-type-simple"},"acf":[],"_links":{"self":[{"href":"https:\/\/www.ernstbrunn-apotheke.at\/katalog\/wp-json\/wp\/v2\/product\/134897","targetHints":{"allow":["GET"]}}],"collection":[{"href":"https:\/\/www.ernstbrunn-apotheke.at\/katalog\/wp-json\/wp\/v2\/product"}],"about":[{"href":"https:\/\/www.ernstbrunn-apotheke.at\/katalog\/wp-json\/wp\/v2\/types\/product"}],"wp:featuredmedia":[{"embeddable":true,"href":"https:\/\/www.ernstbrunn-apotheke.at\/katalog\/wp-json\/wp\/v2\/media\/134899"}],"wp:attachment":[{"href":"https:\/\/www.ernstbrunn-apotheke.at\/katalog\/wp-json\/wp\/v2\/media?parent=134897"}],"wp:term":[{"taxonomy":"product_brand","embeddable":true,"href":"https:\/\/www.ernstbrunn-apotheke.at\/katalog\/wp-json\/wp\/v2\/product_brand?post=134897"},{"taxonomy":"product_cat","embeddable":true,"href":"https:\/\/www.ernstbrunn-apotheke.at\/katalog\/wp-json\/wp\/v2\/product_cat?post=134897"},{"taxonomy":"product_tag","embeddable":true,"href":"https:\/\/www.ernstbrunn-apotheke.at\/katalog\/wp-json\/wp\/v2\/product_tag?post=134897"}],"curies":[{"name":"wp","href":"https:\/\/api.w.org\/{rel}","templated":true}]}}